{"id":45513,"date":"2026-04-20T12:41:12","date_gmt":"2026-04-20T12:41:12","guid":{"rendered":"https:\/\/singuli.wpress.me\/index.php\/proizvod\/hot-tools-susilo-za-kosu\/"},"modified":"2026-04-21T00:27:30","modified_gmt":"2026-04-21T00:27:30","slug":"hot-tools-susilo-za-kosu","status":"publish","type":"product","link":"https:\/\/singuli.wpress.me\/index.php\/proizvod\/hot-tools-susilo-za-kosu\/","title":{"rendered":"HOT TOOLS, su\u0161ilo za kosu"},"content":{"rendered":"<p><span style=\"font-weight: bold\">Linija PRO SIGNATURE<\/span>: su\u0161ilo za kosu Salon Ionic\u00ae s AC motorom<\/p>\n<p>Snaga profesionalnog AC motora u va\u0161em domu.<br \/>\nSu\u0161enje kose kao u salonu, br\u017ee i s manje o\u0161te\u0107enja.<br \/>\nMo\u0107an, dugovje\u010dan AC motor-Izdr\u017eljiv motor profesionalne kvalitete, do 3x duljeg radnog vijeka.<br \/>\nSna\u017ean protok zraka su\u0161i kosu 40% br\u017ee i to s manje topline za manje o\u0161te\u0107enja.<\/p>\n<p>Tehnologija Direct Ionic\u00ae<br \/>\nZa\u0161tita od stati\u010dkog elektriciteta i br\u017ee su\u0161enje.<br \/>\n\u2022 2000 W<br \/>\n\u2022 2 brzine i 3 postavke topline<br \/>\n\u2022 Gumb za hladni zrak<br \/>\n\u2022 Mo\u0107an motor za tih rad i maksimalan protok zraka<br \/>\n\u2022 Nastavak s koncentratorom<br \/>\n\u2022 Gumirano hvati\u0161te i odvojivi poklopac ulaza zraka<br \/>\n\u2022 2-metarski kabel koji se okre\u0107e oko svoje osi i ne zapetljava se<\/p>\n","protected":false},"excerpt":{"rendered":"<p>su\u0161ilo za kosu Salon Ionic\u00ae s AC motorom<br \/>\nSu\u0161enje kose kao u salonu, br\u017ee i s manje o\u0161te\u0107enja<br \/>\n2 brzine i 3 postavke topline<\/p>\n","protected":false},"featured_media":45514,"template":"","meta":{"_seopress_robots_primary_cat":"","_seopress_titles_title":"","_seopress_titles_desc":"","_seopress_robots_index":"","iawp_total_views":0},"product_brand":[911],"product_cat":[192,319],"product_tag":[],"class_list":{"0":"post-45513","1":"product","2":"type-product","3":"status-publish","4":"has-post-thumbnail","6":"product_brand-hot-tools","7":"product_cat-aparati-za-osobnu-njegu","8":"product_cat-susila-za-kosu-pegla-i-uvijaci-192","10":"first","11":"outofstock","12":"shipping-taxable","13":"purchasable","14":"product-type-simple"},"_links":{"self":[{"href":"https:\/\/singuli.wpress.me\/index.php\/wp-json\/wp\/v2\/product\/45513","targetHints":{"allow":["GET"]}}],"collection":[{"href":"https:\/\/singuli.wpress.me\/index.php\/wp-json\/wp\/v2\/product"}],"about":[{"href":"https:\/\/singuli.wpress.me\/index.php\/wp-json\/wp\/v2\/types\/product"}],"version-history":[{"count":0,"href":"https:\/\/singuli.wpress.me\/index.php\/wp-json\/wp\/v2\/product\/45513\/revisions"}],"wp:featuredmedia":[{"embeddable":true,"href":"https:\/\/singuli.wpress.me\/index.php\/wp-json\/wp\/v2\/media\/45514"}],"wp:attachment":[{"href":"https:\/\/singuli.wpress.me\/index.php\/wp-json\/wp\/v2\/media?parent=45513"}],"wp:term":[{"taxonomy":"product_brand","embeddable":true,"href":"https:\/\/singuli.wpress.me\/index.php\/wp-json\/wp\/v2\/product_brand?post=45513"},{"taxonomy":"product_cat","embeddable":true,"href":"https:\/\/singuli.wpress.me\/index.php\/wp-json\/wp\/v2\/product_cat?post=45513"},{"taxonomy":"product_tag","embeddable":true,"href":"https:\/\/singuli.wpress.me\/index.php\/wp-json\/wp\/v2\/product_tag?post=45513"}],"curies":[{"name":"wp","href":"https:\/\/api.w.org\/{rel}","templated":true}]}}