{"id":45520,"date":"2026-04-20T12:41:14","date_gmt":"2026-04-20T12:41:14","guid":{"rendered":"https:\/\/singuli.wpress.me\/index.php\/proizvod\/red-bull-juneberry-edition-energetski-napitak-24x0-25l\/"},"modified":"2026-04-20T12:41:14","modified_gmt":"2026-04-20T12:41:14","slug":"red-bull-juneberry-edition-energetski-napitak-24x0-25l","status":"publish","type":"product","link":"https:\/\/singuli.wpress.me\/index.php\/proizvod\/red-bull-juneberry-edition-energetski-napitak-24x0-25l\/","title":{"rendered":"RED BULL Juneberry Edition, energetski napitak, 24&#215;0.25l"},"content":{"rendered":"<p>Red\u00a0Bull Energy Drink cijenjen je diljem svijeta me\u0111u vrhunskim sporta\u0161ima, studentima i svima koji obavljaju zahtjevne poslove, kao i prilikom dugih vo\u017enji.<\/p>\n","protected":false},"excerpt":{"rendered":"<p>Funkcionalni energetski napitak<br \/>\nO\u017eivljava duh i tijelo<br \/>\nOkusne note bobice, crvenog gro\u017e\u0111a, tre\u0161nje i crvenog bobi\u010dastog vo\u0107a s blagim cvjetnim zavr\u0161etkom<\/p>\n","protected":false},"featured_media":45521,"template":"","meta":{"_seopress_robots_primary_cat":"","_seopress_titles_title":"","_seopress_titles_desc":"","_seopress_robots_index":"","iawp_total_views":0},"product_brand":[472],"product_cat":[261,262],"product_tag":[],"class_list":{"0":"post-45520","1":"product","2":"type-product","3":"status-publish","4":"has-post-thumbnail","6":"product_brand-red-bull","7":"product_cat-hrana-i-pice","8":"product_cat-sokovi-i-napitci-261","10":"first","11":"outofstock","12":"shipping-taxable","13":"purchasable","14":"product-type-simple"},"_links":{"self":[{"href":"https:\/\/singuli.wpress.me\/index.php\/wp-json\/wp\/v2\/product\/45520","targetHints":{"allow":["GET"]}}],"collection":[{"href":"https:\/\/singuli.wpress.me\/index.php\/wp-json\/wp\/v2\/product"}],"about":[{"href":"https:\/\/singuli.wpress.me\/index.php\/wp-json\/wp\/v2\/types\/product"}],"version-history":[{"count":0,"href":"https:\/\/singuli.wpress.me\/index.php\/wp-json\/wp\/v2\/product\/45520\/revisions"}],"wp:featuredmedia":[{"embeddable":true,"href":"https:\/\/singuli.wpress.me\/index.php\/wp-json\/wp\/v2\/media\/45521"}],"wp:attachment":[{"href":"https:\/\/singuli.wpress.me\/index.php\/wp-json\/wp\/v2\/media?parent=45520"}],"wp:term":[{"taxonomy":"product_brand","embeddable":true,"href":"https:\/\/singuli.wpress.me\/index.php\/wp-json\/wp\/v2\/product_brand?post=45520"},{"taxonomy":"product_cat","embeddable":true,"href":"https:\/\/singuli.wpress.me\/index.php\/wp-json\/wp\/v2\/product_cat?post=45520"},{"taxonomy":"product_tag","embeddable":true,"href":"https:\/\/singuli.wpress.me\/index.php\/wp-json\/wp\/v2\/product_tag?post=45520"}],"curies":[{"name":"wp","href":"https:\/\/api.w.org\/{rel}","templated":true}]}}