{"id":45529,"date":"2026-04-20T12:41:19","date_gmt":"2026-04-20T12:41:19","guid":{"rendered":"https:\/\/singuli.wpress.me\/index.php\/proizvod\/superzings-ruksak\/"},"modified":"2026-04-23T00:28:08","modified_gmt":"2026-04-23T00:28:08","slug":"superzings-ruksak","status":"publish","type":"product","link":"https:\/\/singuli.wpress.me\/proizvod\/superzings-ruksak\/","title":{"rendered":"SUPERZINGS, ruksak"},"content":{"rendered":"<p>Ruksak s temom va\u0161ih omiljenih super heroja i super zlikovaca Super Zings Rivals of Kaboom, koji \u0107e va\u0161em mali\u0161anu izmamiti osmijeh na lice i natjerati ga da pro\u0161eta do \u0161kole ili vrti\u0107a radosnim korakom.<\/p>\n<p>Ruksak ukra\u0161en \u0161arenim grafikama ima prostrani glavni pretinac, prakti\u010dni prednji d\u017eep, zakop\u010dan zgodnim patentnim zatvara\u010dem, u koji va\u0161e dijete mo\u017ee pospremiti stvar\u010dice.<\/p>\n<p>Ruksak ima podesive naramenice i ru\u010dku koja vam omogu\u0107uje da ga objesite ili nosite u ruci.<\/p>\n<p>Dimenzije ruksaka 270 x 100 x 330 mm<\/p>\n","protected":false},"excerpt":{"rendered":"<p>Tema dje\u010djih omiljenih super heroja i super zlikovaca Super Zings Rivals of Kaboom<br \/>\nRuksak je izra\u0111en od visokokvalitetnih materijala<br \/>\nDimenzije ruksaka 270 x 100 x 330 mm<\/p>\n","protected":false},"featured_media":45530,"template":"","meta":{"_seopress_robots_primary_cat":"","_seopress_titles_title":"","_seopress_titles_desc":"","_seopress_robots_index":"","iawp_total_views":0},"product_brand":[385],"product_cat":[274,238],"product_tag":[],"class_list":{"0":"post-45529","1":"product","2":"type-product","3":"status-publish","4":"has-post-thumbnail","6":"product_brand-superzings","7":"product_cat-kucanski-pribor-238","8":"product_cat-sve-za-dom","10":"first","11":"instock","12":"shipping-taxable","13":"purchasable","14":"product-type-simple"},"_links":{"self":[{"href":"https:\/\/singuli.wpress.me\/wp-json\/wp\/v2\/product\/45529","targetHints":{"allow":["GET"]}}],"collection":[{"href":"https:\/\/singuli.wpress.me\/wp-json\/wp\/v2\/product"}],"about":[{"href":"https:\/\/singuli.wpress.me\/wp-json\/wp\/v2\/types\/product"}],"version-history":[{"count":0,"href":"https:\/\/singuli.wpress.me\/wp-json\/wp\/v2\/product\/45529\/revisions"}],"wp:featuredmedia":[{"embeddable":true,"href":"https:\/\/singuli.wpress.me\/wp-json\/wp\/v2\/media\/45530"}],"wp:attachment":[{"href":"https:\/\/singuli.wpress.me\/wp-json\/wp\/v2\/media?parent=45529"}],"wp:term":[{"taxonomy":"product_brand","embeddable":true,"href":"https:\/\/singuli.wpress.me\/wp-json\/wp\/v2\/product_brand?post=45529"},{"taxonomy":"product_cat","embeddable":true,"href":"https:\/\/singuli.wpress.me\/wp-json\/wp\/v2\/product_cat?post=45529"},{"taxonomy":"product_tag","embeddable":true,"href":"https:\/\/singuli.wpress.me\/wp-json\/wp\/v2\/product_tag?post=45529"}],"curies":[{"name":"wp","href":"https:\/\/api.w.org\/{rel}","templated":true}]}}