{"id":45537,"date":"2026-04-20T12:41:23","date_gmt":"2026-04-20T12:41:23","guid":{"rendered":"https:\/\/singuli.wpress.me\/index.php\/proizvod\/ariel-univerzal-praskasti-deterdzent-6-5kg-100-pranja\/"},"modified":"2026-04-20T12:41:23","modified_gmt":"2026-04-20T12:41:23","slug":"ariel-univerzal-praskasti-deterdzent-6-5kg-100-pranja","status":"publish","type":"product","link":"https:\/\/singuli.wpress.me\/index.php\/proizvod\/ariel-univerzal-praskasti-deterdzent-6-5kg-100-pranja\/","title":{"rendered":"ARIEL Univerzal, pra\u0161kasti deterd\u017eent, 6.5kg, 100\u00a0pranja"},"content":{"rendered":"<p>Kada izgledate i miri\u0161ete dobro, tada se i osje\u0107ate dobro.<\/p>\n<p>Uklanja \u010dak i mrlje koje uzrokuju neugodne mirise poput onih od znoja i tjelesnih mirisa, te daje briljantno \u010dist izgled i svje\u017e miris va\u0161oj odje\u0107i.<\/p>\n<p>Djelotvoran je ve\u0107 pri temperaturi od 30 \u00b0C i stoga ako \u017eelite da va\u0161e bijelo rublje ostane bijelo, posegnite za Arielom.<\/p>\n<p>Perite svoju odje\u0107u sa samopouzdanjem, svaki put.<\/p>\n<p>Ariel pra\u0161kasti deterd\u017eent dostupan je i kao teku\u0107i deterd\u017eent, te u obliku kapsula. <\/p>\n","protected":false},"excerpt":{"rendered":"<p>Izvrsno uklanjanje mrlja ve\u0107 u prvom pranju<br \/>\nPra\u0161ak se brzo otapa i ne ostavlja tragove na odje\u0107i<br \/>\nSmanjuje mogu\u0107nost zadr\u017eavanja prljav\u0161tine i mrlja<\/p>\n","protected":false},"featured_media":45538,"template":"","meta":{"_seopress_robots_primary_cat":"","_seopress_titles_title":"","_seopress_titles_desc":"","_seopress_robots_index":"","iawp_total_views":0},"product_brand":[427],"product_cat":[283,238],"product_tag":[],"class_list":{"0":"post-45537","1":"product","2":"type-product","3":"status-publish","4":"has-post-thumbnail","6":"product_brand-ariel","7":"product_cat-pranje-rublja-238","8":"product_cat-sve-za-dom","10":"first","11":"outofstock","12":"shipping-taxable","13":"purchasable","14":"product-type-simple"},"_links":{"self":[{"href":"https:\/\/singuli.wpress.me\/index.php\/wp-json\/wp\/v2\/product\/45537","targetHints":{"allow":["GET"]}}],"collection":[{"href":"https:\/\/singuli.wpress.me\/index.php\/wp-json\/wp\/v2\/product"}],"about":[{"href":"https:\/\/singuli.wpress.me\/index.php\/wp-json\/wp\/v2\/types\/product"}],"version-history":[{"count":0,"href":"https:\/\/singuli.wpress.me\/index.php\/wp-json\/wp\/v2\/product\/45537\/revisions"}],"wp:featuredmedia":[{"embeddable":true,"href":"https:\/\/singuli.wpress.me\/index.php\/wp-json\/wp\/v2\/media\/45538"}],"wp:attachment":[{"href":"https:\/\/singuli.wpress.me\/index.php\/wp-json\/wp\/v2\/media?parent=45537"}],"wp:term":[{"taxonomy":"product_brand","embeddable":true,"href":"https:\/\/singuli.wpress.me\/index.php\/wp-json\/wp\/v2\/product_brand?post=45537"},{"taxonomy":"product_cat","embeddable":true,"href":"https:\/\/singuli.wpress.me\/index.php\/wp-json\/wp\/v2\/product_cat?post=45537"},{"taxonomy":"product_tag","embeddable":true,"href":"https:\/\/singuli.wpress.me\/index.php\/wp-json\/wp\/v2\/product_tag?post=45537"}],"curies":[{"name":"wp","href":"https:\/\/api.w.org\/{rel}","templated":true}]}}