{"id":45543,"date":"2026-04-20T12:41:27","date_gmt":"2026-04-20T12:41:27","guid":{"rendered":"https:\/\/singuli.wpress.me\/index.php\/proizvod\/heinz-zapeceni-grah-u-umaku-od-rajcice-415-g\/"},"modified":"2026-04-20T12:41:27","modified_gmt":"2026-04-20T12:41:27","slug":"heinz-zapeceni-grah-u-umaku-od-rajcice-415-g","status":"publish","type":"product","link":"https:\/\/singuli.wpress.me\/index.php\/proizvod\/heinz-zapeceni-grah-u-umaku-od-rajcice-415-g\/","title":{"rendered":"HEINZ, zape\u010deni grah u umaku od raj\u010dice, 415\u00a0g"},"content":{"rendered":"<p><span style=\"font-weight: bold\">Heinz zape\u010deni grah u umaku od raj\u010dice je popularan proizvod koji se koristi \u0161irom svijeta<\/span>.  Heinz je poznati brend koji proizvodi razne prehrambene proizvode, a zape\u010deni grah u umaku od raj\u010dice su jedan od njih.<\/p>\n<p>Heinz zape\u010deni grah u umaku od raj\u010dice je ukusan, mekani i kremasti grah kuhan u bogatom umaku od raj\u010dice. Izra\u0111en od visokokvalitetnih grah mahuna i raj\u010dica, pomije\u0161anih s odabranim za\u010dinima i za\u010dinima kako bi se postigao karakteristi\u010dan okus.<\/p>\n<p>Obi\u010dno koriste kao prilog uz razna jela poput doru\u010dka, ru\u010dka ili ve\u010dere. Mogu se poslu\u017eiti uz tost, kobasice, jaja ili kao sastojak u sendvi\u010dima. Ovaj proizvod je poznat po svom karakteristi\u010dnom okusu koji nadopunjuje razli\u010dite kombinacije hrane.<\/p>\n<p>Dolazi u prakti\u010dnim konzervama koje su jednostavne za upotrebu i \u010duvanje. Mogu se lako zagrijati i poslu\u017eiti, ili koristiti kao sastojak u raznim receptima.<\/p>\n<p>Kao i ostali proizvodi Heinz, proizvodi se s visokim standardima kvalitete i sigurnosti hrane. Brend Heinz je poznat po svom dugogodi\u0161njem iskustvu i predanosti u proizvodnji vrhunskih prehrambenih proizvoda.<\/p>\n","protected":false},"excerpt":{"rendered":"<p>Popularan proizvod specifi\u010dnog okusa koji se koristi \u0161irom svijeta<br \/>\nIzra\u0111en od pa\u017eljivo odabranih sastojaka<br \/>\nProizvodi se s visokim standardima kvalitete i sigurnosti hrane<\/p>\n","protected":false},"featured_media":45544,"template":"","meta":{"_seopress_robots_primary_cat":"","_seopress_titles_title":"","_seopress_titles_desc":"","_seopress_robots_index":"","iawp_total_views":0},"product_brand":[395],"product_cat":[266,265,160],"product_tag":[],"class_list":{"0":"post-45543","1":"product","2":"type-product","3":"status-publish","4":"has-post-thumbnail","6":"product_brand-heinz","7":"product_cat-aparati-za-kuhanje-265","8":"product_cat-kuhinjski-aparati-160","9":"product_cat-mali-kucanski-aparati","11":"first","12":"instock","13":"shipping-taxable","14":"purchasable","15":"product-type-simple"},"_links":{"self":[{"href":"https:\/\/singuli.wpress.me\/index.php\/wp-json\/wp\/v2\/product\/45543","targetHints":{"allow":["GET"]}}],"collection":[{"href":"https:\/\/singuli.wpress.me\/index.php\/wp-json\/wp\/v2\/product"}],"about":[{"href":"https:\/\/singuli.wpress.me\/index.php\/wp-json\/wp\/v2\/types\/product"}],"version-history":[{"count":0,"href":"https:\/\/singuli.wpress.me\/index.php\/wp-json\/wp\/v2\/product\/45543\/revisions"}],"wp:featuredmedia":[{"embeddable":true,"href":"https:\/\/singuli.wpress.me\/index.php\/wp-json\/wp\/v2\/media\/45544"}],"wp:attachment":[{"href":"https:\/\/singuli.wpress.me\/index.php\/wp-json\/wp\/v2\/media?parent=45543"}],"wp:term":[{"taxonomy":"product_brand","embeddable":true,"href":"https:\/\/singuli.wpress.me\/index.php\/wp-json\/wp\/v2\/product_brand?post=45543"},{"taxonomy":"product_cat","embeddable":true,"href":"https:\/\/singuli.wpress.me\/index.php\/wp-json\/wp\/v2\/product_cat?post=45543"},{"taxonomy":"product_tag","embeddable":true,"href":"https:\/\/singuli.wpress.me\/index.php\/wp-json\/wp\/v2\/product_tag?post=45543"}],"curies":[{"name":"wp","href":"https:\/\/api.w.org\/{rel}","templated":true}]}}