{"id":45545,"date":"2026-04-20T12:41:27","date_gmt":"2026-04-20T12:41:27","guid":{"rendered":"https:\/\/singuli.wpress.me\/index.php\/proizvod\/bison-akrilno-brtvilo-univerzalno-sivo-300-ml\/"},"modified":"2026-04-20T12:41:27","modified_gmt":"2026-04-20T12:41:27","slug":"bison-akrilno-brtvilo-univerzalno-sivo-300-ml","status":"publish","type":"product","link":"https:\/\/singuli.wpress.me\/index.php\/proizvod\/bison-akrilno-brtvilo-univerzalno-sivo-300-ml\/","title":{"rendered":"BISON, akrilno brtvilo, univerzalno sivo, 300\u00a0ml"},"content":{"rendered":"<p>BISON visokokvalitetno akrilno brtvilo za brtvljenje spojeva, rupa i pukotina oko okvira vrata i prozora, prozorskih daski, monta\u017enih elemenata, itd. mo\u017ee se bojiti nakon 30 minuta. tako\u0111er prikladno za brtvljenje pukotina u unutra\u0161njim zidovima.<\/p>\n<p><span style=\"font-weight: bold\">Zna\u010dajke:<\/span><br \/>\n&#8211; Mo\u017ee se prebojiti<br \/>\n&#8211; Lako se obra\u0111uje<br \/>\n&#8211; Lako se nanosi<br \/>\n&#8211; Otporno na vlagu<br \/>\n&#8211; Izvrsno lijepljenje bez temeljnog premaza<br \/>\n&#8211; Vodootporno kada se potpuno stvrdne<br \/>\n&#8211; Otporno na UV zra\u010denje i sve vremenske prilike<br \/>\n&#8211; Za unutarnju i vanjsku upotrebu<br \/>\n&#8211; Trajno elastoplasti\u010dno (maks. 12,5 % rastezanja)<br \/>\n&#8211; Otporno na temperature od -20 \u00b0C do +75 \u00b0C<\/p>\n","protected":false},"excerpt":{"rendered":"<p>Mo\u017ee se prebrojati<br \/>\nLako se izra\u0111uje<br \/>\nLako se nanosi<\/p>\n","protected":false},"featured_media":45546,"template":"","meta":{"_seopress_robots_primary_cat":"","_seopress_titles_title":"","_seopress_titles_desc":"","_seopress_robots_index":"","iawp_total_views":0},"product_brand":[494],"product_cat":[264,238],"product_tag":[],"class_list":{"0":"post-45545","1":"product","2":"type-product","3":"status-publish","4":"has-post-thumbnail","6":"product_brand-bison","7":"product_cat-ljepila-i-brtvila-238","8":"product_cat-sve-za-dom","10":"first","11":"instock","12":"shipping-taxable","13":"purchasable","14":"product-type-simple"},"_links":{"self":[{"href":"https:\/\/singuli.wpress.me\/index.php\/wp-json\/wp\/v2\/product\/45545","targetHints":{"allow":["GET"]}}],"collection":[{"href":"https:\/\/singuli.wpress.me\/index.php\/wp-json\/wp\/v2\/product"}],"about":[{"href":"https:\/\/singuli.wpress.me\/index.php\/wp-json\/wp\/v2\/types\/product"}],"version-history":[{"count":0,"href":"https:\/\/singuli.wpress.me\/index.php\/wp-json\/wp\/v2\/product\/45545\/revisions"}],"wp:featuredmedia":[{"embeddable":true,"href":"https:\/\/singuli.wpress.me\/index.php\/wp-json\/wp\/v2\/media\/45546"}],"wp:attachment":[{"href":"https:\/\/singuli.wpress.me\/index.php\/wp-json\/wp\/v2\/media?parent=45545"}],"wp:term":[{"taxonomy":"product_brand","embeddable":true,"href":"https:\/\/singuli.wpress.me\/index.php\/wp-json\/wp\/v2\/product_brand?post=45545"},{"taxonomy":"product_cat","embeddable":true,"href":"https:\/\/singuli.wpress.me\/index.php\/wp-json\/wp\/v2\/product_cat?post=45545"},{"taxonomy":"product_tag","embeddable":true,"href":"https:\/\/singuli.wpress.me\/index.php\/wp-json\/wp\/v2\/product_tag?post=45545"}],"curies":[{"name":"wp","href":"https:\/\/api.w.org\/{rel}","templated":true}]}}