{"id":45550,"date":"2026-04-20T12:41:28","date_gmt":"2026-04-20T12:41:28","guid":{"rendered":"https:\/\/singuli.wpress.me\/index.php\/proizvod\/jar-professional-platinum-kapsule-za-strojno-pranje-posuda-90-kom\/"},"modified":"2026-04-21T00:27:30","modified_gmt":"2026-04-21T00:27:30","slug":"jar-professional-platinum-kapsule-za-strojno-pranje-posuda-90-kom","status":"publish","type":"product","link":"https:\/\/singuli.wpress.me\/index.php\/proizvod\/jar-professional-platinum-kapsule-za-strojno-pranje-posuda-90-kom\/","title":{"rendered":"JAR PROFESSIONAL Platinum, kapsule za strojno pranje posu\u0111a, 90\u00a0kom"},"content":{"rendered":"","protected":false},"excerpt":{"rendered":"<p>\u010ciste u trenu<br \/>\nU\u010dinkovito uklanjaju i sasu\u0161enu masno\u0107u<br \/>\nJednostavno kori\u0161tenje<\/p>\n","protected":false},"featured_media":45551,"template":"","meta":{"_seopress_robots_primary_cat":"","_seopress_titles_title":"","_seopress_titles_desc":"","_seopress_robots_index":"","iawp_total_views":0},"product_brand":[467],"product_cat":[314,238],"product_tag":[],"class_list":{"0":"post-45550","1":"product","2":"type-product","3":"status-publish","4":"has-post-thumbnail","6":"product_brand-jar-professional","7":"product_cat-pranje-posuda-238","8":"product_cat-sve-za-dom","10":"first","11":"outofstock","12":"shipping-taxable","13":"purchasable","14":"product-type-simple"},"_links":{"self":[{"href":"https:\/\/singuli.wpress.me\/index.php\/wp-json\/wp\/v2\/product\/45550","targetHints":{"allow":["GET"]}}],"collection":[{"href":"https:\/\/singuli.wpress.me\/index.php\/wp-json\/wp\/v2\/product"}],"about":[{"href":"https:\/\/singuli.wpress.me\/index.php\/wp-json\/wp\/v2\/types\/product"}],"version-history":[{"count":0,"href":"https:\/\/singuli.wpress.me\/index.php\/wp-json\/wp\/v2\/product\/45550\/revisions"}],"wp:featuredmedia":[{"embeddable":true,"href":"https:\/\/singuli.wpress.me\/index.php\/wp-json\/wp\/v2\/media\/45551"}],"wp:attachment":[{"href":"https:\/\/singuli.wpress.me\/index.php\/wp-json\/wp\/v2\/media?parent=45550"}],"wp:term":[{"taxonomy":"product_brand","embeddable":true,"href":"https:\/\/singuli.wpress.me\/index.php\/wp-json\/wp\/v2\/product_brand?post=45550"},{"taxonomy":"product_cat","embeddable":true,"href":"https:\/\/singuli.wpress.me\/index.php\/wp-json\/wp\/v2\/product_cat?post=45550"},{"taxonomy":"product_tag","embeddable":true,"href":"https:\/\/singuli.wpress.me\/index.php\/wp-json\/wp\/v2\/product_tag?post=45550"}],"curies":[{"name":"wp","href":"https:\/\/api.w.org\/{rel}","templated":true}]}}