{"id":45555,"date":"2026-04-20T12:41:29","date_gmt":"2026-04-20T12:41:29","guid":{"rendered":"https:\/\/singuli.wpress.me\/index.php\/proizvod\/pampers-harmonie-vlazne-maramice-24x46-1104-kom\/"},"modified":"2026-04-20T12:41:29","modified_gmt":"2026-04-20T12:41:29","slug":"pampers-harmonie-vlazne-maramice-24x46-1104-kom","status":"publish","type":"product","link":"https:\/\/singuli.wpress.me\/index.php\/proizvod\/pampers-harmonie-vlazne-maramice-24x46-1104-kom\/","title":{"rendered":"PAMPERS Harmonie, vla\u017ene maramice, 24&#215;46, 1104\u00a0kom"},"content":{"rendered":"<p>Nove dje\u010dje vla\u017ene maramice Pampers Harmonie dizajnirane su posebno za novoro\u0111en\u010dad. Izra\u0111ene su s jedinstvenim blagim losionom koji poma\u017ee obnoviti prirodni pH ko\u017ee, a sastojci 100% biljnog porijekla osiguravaju vrhunsku meko\u0107u za osjetljivu ko\u017eu novoro\u0111en\u010dadi. Tako\u0111er su ih odobrili dermatolozi udru\u017eenja Skin Health Alliance, a ne sadr\u017ee ni dodane mirise, alkohol niti bojila.<\/p>\n","protected":false},"excerpt":{"rendered":"<p>Dizajnirane posebno za novoro\u0111en\u010dad<br \/>\nSadr\u017ee jedinstven blagi losion koji poma\u017ee obnoviti prirodni pH ko\u017ee<br \/>\nIzra\u0111ene od vlakana 100% biljnog porijekla<\/p>\n","protected":false},"featured_media":45556,"template":"","meta":{"_seopress_robots_primary_cat":"","_seopress_titles_title":"","_seopress_titles_desc":"","_seopress_robots_index":"","iawp_total_views":0},"product_brand":[444],"product_cat":[268,278],"product_tag":[],"class_list":{"0":"post-45555","1":"product","2":"type-product","3":"status-publish","4":"has-post-thumbnail","6":"product_brand-pampers","7":"product_cat-kozmetika-2","8":"product_cat-njega-tijela-268","10":"first","11":"outofstock","12":"shipping-taxable","13":"purchasable","14":"product-type-simple"},"_links":{"self":[{"href":"https:\/\/singuli.wpress.me\/index.php\/wp-json\/wp\/v2\/product\/45555","targetHints":{"allow":["GET"]}}],"collection":[{"href":"https:\/\/singuli.wpress.me\/index.php\/wp-json\/wp\/v2\/product"}],"about":[{"href":"https:\/\/singuli.wpress.me\/index.php\/wp-json\/wp\/v2\/types\/product"}],"version-history":[{"count":0,"href":"https:\/\/singuli.wpress.me\/index.php\/wp-json\/wp\/v2\/product\/45555\/revisions"}],"wp:featuredmedia":[{"embeddable":true,"href":"https:\/\/singuli.wpress.me\/index.php\/wp-json\/wp\/v2\/media\/45556"}],"wp:attachment":[{"href":"https:\/\/singuli.wpress.me\/index.php\/wp-json\/wp\/v2\/media?parent=45555"}],"wp:term":[{"taxonomy":"product_brand","embeddable":true,"href":"https:\/\/singuli.wpress.me\/index.php\/wp-json\/wp\/v2\/product_brand?post=45555"},{"taxonomy":"product_cat","embeddable":true,"href":"https:\/\/singuli.wpress.me\/index.php\/wp-json\/wp\/v2\/product_cat?post=45555"},{"taxonomy":"product_tag","embeddable":true,"href":"https:\/\/singuli.wpress.me\/index.php\/wp-json\/wp\/v2\/product_tag?post=45555"}],"curies":[{"name":"wp","href":"https:\/\/api.w.org\/{rel}","templated":true}]}}