{"id":45559,"date":"2026-04-20T12:41:30","date_gmt":"2026-04-20T12:41:30","guid":{"rendered":"https:\/\/singuli.wpress.me\/index.php\/proizvod\/disney-cars-3-autic\/"},"modified":"2026-04-21T00:27:30","modified_gmt":"2026-04-21T00:27:30","slug":"disney-cars-3-autic","status":"publish","type":"product","link":"https:\/\/singuli.wpress.me\/index.php\/proizvod\/disney-cars-3-autic\/","title":{"rendered":"DISNEY Cars 3, auti\u0107"},"content":{"rendered":"<p>Obo\u017eavatelji \u0107e obo\u017eavati ove <span style=\"font-weight: bold\">auti\u0107e u mjerilu 1:55 iz filmova Disney i Pixar Cars<\/span>!<br \/>\nAutenti\u010dan dizajn inspiriran filmom isti\u010de osobnost likova i poma\u017ee u rekonstrukciji omiljenih filmskih trenutaka!<br \/>\nAuti\u0107i Disney i Pixar Cars izvrstan su kolekcionarski dar za sve obo\u017eavatelje (svako se prodaje zasebno, ovisno o dostupnosti).<br \/>\nBoje i ukrasi mogu se razlikovati.<\/p>\n","protected":false},"excerpt":{"rendered":"<p>Auti\u0107i u mjerilu 1:55<br \/>\nIdealni za kolekcionare<br \/>\nDob: 3+ god<\/p>\n","protected":false},"featured_media":45560,"template":"","meta":{"_seopress_robots_primary_cat":"","_seopress_titles_title":"","_seopress_titles_desc":"","_seopress_robots_index":"","iawp_total_views":0},"product_brand":[522],"product_cat":[243,273],"product_tag":[],"class_list":{"0":"post-45559","1":"product","2":"type-product","3":"status-publish","4":"has-post-thumbnail","6":"product_brand-disney","7":"product_cat-automobili-i-motori","8":"product_cat-njega-vozila-243","10":"first","11":"instock","12":"shipping-taxable","13":"purchasable","14":"product-type-simple"},"_links":{"self":[{"href":"https:\/\/singuli.wpress.me\/index.php\/wp-json\/wp\/v2\/product\/45559","targetHints":{"allow":["GET"]}}],"collection":[{"href":"https:\/\/singuli.wpress.me\/index.php\/wp-json\/wp\/v2\/product"}],"about":[{"href":"https:\/\/singuli.wpress.me\/index.php\/wp-json\/wp\/v2\/types\/product"}],"version-history":[{"count":0,"href":"https:\/\/singuli.wpress.me\/index.php\/wp-json\/wp\/v2\/product\/45559\/revisions"}],"wp:featuredmedia":[{"embeddable":true,"href":"https:\/\/singuli.wpress.me\/index.php\/wp-json\/wp\/v2\/media\/45560"}],"wp:attachment":[{"href":"https:\/\/singuli.wpress.me\/index.php\/wp-json\/wp\/v2\/media?parent=45559"}],"wp:term":[{"taxonomy":"product_brand","embeddable":true,"href":"https:\/\/singuli.wpress.me\/index.php\/wp-json\/wp\/v2\/product_brand?post=45559"},{"taxonomy":"product_cat","embeddable":true,"href":"https:\/\/singuli.wpress.me\/index.php\/wp-json\/wp\/v2\/product_cat?post=45559"},{"taxonomy":"product_tag","embeddable":true,"href":"https:\/\/singuli.wpress.me\/index.php\/wp-json\/wp\/v2\/product_tag?post=45559"}],"curies":[{"name":"wp","href":"https:\/\/api.w.org\/{rel}","templated":true}]}}