{"id":45565,"date":"2026-04-20T12:41:33","date_gmt":"2026-04-20T12:41:33","guid":{"rendered":"https:\/\/singuli.wpress.me\/index.php\/proizvod\/laica-tlakomjer-za-zapesce-bm1007\/"},"modified":"2026-04-20T12:41:33","modified_gmt":"2026-04-20T12:41:33","slug":"laica-tlakomjer-za-zapesce-bm1007","status":"publish","type":"product","link":"https:\/\/singuli.wpress.me\/index.php\/proizvod\/laica-tlakomjer-za-zapesce-bm1007\/","title":{"rendered":"LAICA, tlakomjer za zape\u0161\u0107e, BM1007"},"content":{"rendered":"<p><span style=\"font-weight: bold\">Tlakomjer za zape\u0161\u0107e<\/span> potpuno je automatski medicinski ure\u0111aj za ku\u0107nu upotrebu. <\/p>\n<p>Omogu\u0107uje brzo mjerenje arterijskog krvnog tlaka (sistoli\u010dkog i dijastoli\u010dkog), te otkucaja srca i ukazuje na bilo kakve aritmije.<\/p>\n<p>Jednostavan za upotrebu, omogu\u0107uje vam pra\u0107enje krvnog tlaka svaki dan kod ku\u0107e.<\/p>\n<p>30 memorija za 4 osobe (120 memorija). <\/p>\n<p>Pakiranje uklju\u010duje: tlakomjer, 2 x 1.5V baterije AAA, man\u017eetu za tlakomjer<\/p>\n","protected":false},"excerpt":{"rendered":"<p>Omogu\u0107uje brzo mjerenje arterijskog krvnog tlaka, otkucaje srca i ukazuje na bilo kakve aritmije<br \/>\nJednostavan za upotrebu<br \/>\n30 memorija za 4 osobe (120 memorija)<\/p>\n","protected":false},"featured_media":45566,"template":"","meta":{"_seopress_robots_primary_cat":"","_seopress_titles_title":"","_seopress_titles_desc":"","_seopress_robots_index":"","iawp_total_views":0},"product_brand":[148],"product_cat":[192,267],"product_tag":[],"class_list":{"0":"post-45565","1":"product","2":"type-product","3":"status-publish","4":"has-post-thumbnail","6":"product_brand-laica","7":"product_cat-aparati-za-osobnu-njegu","8":"product_cat-zdravstveni-uredaji-192","10":"first","11":"instock","12":"shipping-taxable","13":"purchasable","14":"product-type-simple"},"_links":{"self":[{"href":"https:\/\/singuli.wpress.me\/index.php\/wp-json\/wp\/v2\/product\/45565","targetHints":{"allow":["GET"]}}],"collection":[{"href":"https:\/\/singuli.wpress.me\/index.php\/wp-json\/wp\/v2\/product"}],"about":[{"href":"https:\/\/singuli.wpress.me\/index.php\/wp-json\/wp\/v2\/types\/product"}],"version-history":[{"count":0,"href":"https:\/\/singuli.wpress.me\/index.php\/wp-json\/wp\/v2\/product\/45565\/revisions"}],"wp:featuredmedia":[{"embeddable":true,"href":"https:\/\/singuli.wpress.me\/index.php\/wp-json\/wp\/v2\/media\/45566"}],"wp:attachment":[{"href":"https:\/\/singuli.wpress.me\/index.php\/wp-json\/wp\/v2\/media?parent=45565"}],"wp:term":[{"taxonomy":"product_brand","embeddable":true,"href":"https:\/\/singuli.wpress.me\/index.php\/wp-json\/wp\/v2\/product_brand?post=45565"},{"taxonomy":"product_cat","embeddable":true,"href":"https:\/\/singuli.wpress.me\/index.php\/wp-json\/wp\/v2\/product_cat?post=45565"},{"taxonomy":"product_tag","embeddable":true,"href":"https:\/\/singuli.wpress.me\/index.php\/wp-json\/wp\/v2\/product_tag?post=45565"}],"curies":[{"name":"wp","href":"https:\/\/api.w.org\/{rel}","templated":true}]}}