{"id":45571,"date":"2026-04-20T12:41:35","date_gmt":"2026-04-20T12:41:35","guid":{"rendered":"https:\/\/singuli.wpress.me\/index.php\/proizvod\/jar-platinum-plus-all-in-one-lemon-kapsule-za-strojno-pranje-posuda-100-kom\/"},"modified":"2026-04-20T12:41:35","modified_gmt":"2026-04-20T12:41:35","slug":"jar-platinum-plus-all-in-one-lemon-kapsule-za-strojno-pranje-posuda-100-kom","status":"publish","type":"product","link":"https:\/\/singuli.wpress.me\/index.php\/proizvod\/jar-platinum-plus-all-in-one-lemon-kapsule-za-strojno-pranje-posuda-100-kom\/","title":{"rendered":"JAR Platinum Plus All In One Lemon, kapsule za strojno pranje posu\u0111a, 100\u00a0kom"},"content":{"rendered":"<p><span style=\"font-weight: bold\">Kapsule Jar Platinum Plus All in One<\/span>, za posu\u0111e \u010disto kao da je novo. Najmo\u0107niji Jarov deterd\u017eent poma\u017ee ukloniti mutni sloj koji se nakuplja tijekom vremena i vra\u0107a originalan sjaj va\u0161em posu\u0111u. <\/p>\n<p>Kapsule Jar Platinum Plus imaju sustav pretpranja pa umjesto vas obavljaju taj dio posla. Uz Jar Platinum Plus nema potrebe za pretpranjem pa tako \u0161tedite vodu, \u0161to je i bolje za okoli\u0161. <\/p>\n<p>Jar kombinira teku\u0107inu i pra\u0161ak u jednu mo\u0107nu kapsulu. Izuzetno topiva vre\u0107ica rastapa se brzo i dobro djeluje u kratkim ciklusima pa odmah po\u010dinje \u010distiti. Tako ih je jednostavno koristiti. Ne treba im skidati omot, jednostavno ih stavite u pretinac za deterd\u017eent.<\/p>\n","protected":false},"excerpt":{"rendered":"<p>Nakon mo\u0107nih tableta za \u010di\u0161\u0107enje Jar va\u0161e posu\u0111e blista kao da je novo<br \/>\nUklanja mutni sloj koji se nakuplja s vremenom i vra\u0107a originalan sjaj va\u0161em posu\u0111u<br \/>\nSustav pretpranja umjesto vas obavlja taj dio posla pa tako \u0161tedite vodu<\/p>\n","protected":false},"featured_media":45572,"template":"","meta":{"_seopress_robots_primary_cat":"","_seopress_titles_title":"","_seopress_titles_desc":"","_seopress_robots_index":"","iawp_total_views":0},"product_brand":[454],"product_cat":[314,238],"product_tag":[],"class_list":{"0":"post-45571","1":"product","2":"type-product","3":"status-publish","4":"has-post-thumbnail","6":"product_brand-jar","7":"product_cat-pranje-posuda-238","8":"product_cat-sve-za-dom","10":"first","11":"outofstock","12":"shipping-taxable","13":"purchasable","14":"product-type-simple"},"_links":{"self":[{"href":"https:\/\/singuli.wpress.me\/index.php\/wp-json\/wp\/v2\/product\/45571","targetHints":{"allow":["GET"]}}],"collection":[{"href":"https:\/\/singuli.wpress.me\/index.php\/wp-json\/wp\/v2\/product"}],"about":[{"href":"https:\/\/singuli.wpress.me\/index.php\/wp-json\/wp\/v2\/types\/product"}],"version-history":[{"count":0,"href":"https:\/\/singuli.wpress.me\/index.php\/wp-json\/wp\/v2\/product\/45571\/revisions"}],"wp:featuredmedia":[{"embeddable":true,"href":"https:\/\/singuli.wpress.me\/index.php\/wp-json\/wp\/v2\/media\/45572"}],"wp:attachment":[{"href":"https:\/\/singuli.wpress.me\/index.php\/wp-json\/wp\/v2\/media?parent=45571"}],"wp:term":[{"taxonomy":"product_brand","embeddable":true,"href":"https:\/\/singuli.wpress.me\/index.php\/wp-json\/wp\/v2\/product_brand?post=45571"},{"taxonomy":"product_cat","embeddable":true,"href":"https:\/\/singuli.wpress.me\/index.php\/wp-json\/wp\/v2\/product_cat?post=45571"},{"taxonomy":"product_tag","embeddable":true,"href":"https:\/\/singuli.wpress.me\/index.php\/wp-json\/wp\/v2\/product_tag?post=45571"}],"curies":[{"name":"wp","href":"https:\/\/api.w.org\/{rel}","templated":true}]}}