{"id":45575,"date":"2026-04-20T12:41:36","date_gmt":"2026-04-20T12:41:36","guid":{"rendered":"https:\/\/singuli.wpress.me\/index.php\/proizvod\/barbie-extra-lutka-flower-power\/"},"modified":"2026-04-20T12:41:36","modified_gmt":"2026-04-20T12:41:36","slug":"barbie-extra-lutka-flower-power","status":"publish","type":"product","link":"https:\/\/singuli.wpress.me\/index.php\/proizvod\/barbie-extra-lutka-flower-power\/","title":{"rendered":"BARBIE Extra, lutka, Flower Power"},"content":{"rendered":"<p>Ova Barbie lutka ima stav! Sadr\u017ei 15 razli\u010ditih dodataka koji uklju\u010duju odje\u0107u i dodatke, kao i dodatke za ljubimca. Barbie ima dugu plavu kosu s detaljima u obliku srca.<\/p>\n<p>Njen stav je samouvjeren, u cvjetnom traper kompletu i stiliziranim bijelim \u010dizmicama.<\/p>\n<p>Dodatci uklju\u010duju ko\u0161aru za piknik, retro cvjetne nao\u010dale, te nakit. <br \/>\nNjen ljubimac ze\u010di\u0107 dolazi s \u0161e\u0161iri\u0107em koji se mo\u017ee skinuti i zlatnim dodatcima.<\/p>\n","protected":false},"excerpt":{"rendered":"<p>Sadr\u017ei 15 razli\u010ditih dodataka<br \/>\nOva Barbie lutka ima stav<br \/>\nUz lutku dolazi i ljubimac ze\u010di\u0107<\/p>\n","protected":false},"featured_media":45576,"template":"","meta":{"_seopress_robots_primary_cat":"","_seopress_titles_title":"","_seopress_titles_desc":"","_seopress_robots_index":"","iawp_total_views":0},"product_brand":[324],"product_cat":[221,291],"product_tag":[],"class_list":{"0":"post-45575","1":"product","2":"type-product","3":"status-publish","4":"has-post-thumbnail","6":"product_brand-barbie","7":"product_cat-igracke","8":"product_cat-igracke-za-djecu-221","10":"first","11":"instock","12":"shipping-taxable","13":"purchasable","14":"product-type-simple"},"_links":{"self":[{"href":"https:\/\/singuli.wpress.me\/index.php\/wp-json\/wp\/v2\/product\/45575","targetHints":{"allow":["GET"]}}],"collection":[{"href":"https:\/\/singuli.wpress.me\/index.php\/wp-json\/wp\/v2\/product"}],"about":[{"href":"https:\/\/singuli.wpress.me\/index.php\/wp-json\/wp\/v2\/types\/product"}],"version-history":[{"count":0,"href":"https:\/\/singuli.wpress.me\/index.php\/wp-json\/wp\/v2\/product\/45575\/revisions"}],"wp:featuredmedia":[{"embeddable":true,"href":"https:\/\/singuli.wpress.me\/index.php\/wp-json\/wp\/v2\/media\/45576"}],"wp:attachment":[{"href":"https:\/\/singuli.wpress.me\/index.php\/wp-json\/wp\/v2\/media?parent=45575"}],"wp:term":[{"taxonomy":"product_brand","embeddable":true,"href":"https:\/\/singuli.wpress.me\/index.php\/wp-json\/wp\/v2\/product_brand?post=45575"},{"taxonomy":"product_cat","embeddable":true,"href":"https:\/\/singuli.wpress.me\/index.php\/wp-json\/wp\/v2\/product_cat?post=45575"},{"taxonomy":"product_tag","embeddable":true,"href":"https:\/\/singuli.wpress.me\/index.php\/wp-json\/wp\/v2\/product_tag?post=45575"}],"curies":[{"name":"wp","href":"https:\/\/api.w.org\/{rel}","templated":true}]}}