{"id":45585,"date":"2026-04-20T12:41:43","date_gmt":"2026-04-20T12:41:43","guid":{"rendered":"https:\/\/singuli.wpress.me\/index.php\/proizvod\/ariel-color-praskasti-deterdzent-9-1kg-140-pranja\/"},"modified":"2026-04-20T12:41:43","modified_gmt":"2026-04-20T12:41:43","slug":"ariel-color-praskasti-deterdzent-9-1kg-140-pranja","status":"publish","type":"product","link":"https:\/\/singuli.wpress.me\/index.php\/proizvod\/ariel-color-praskasti-deterdzent-9-1kg-140-pranja\/","title":{"rendered":"ARIEL Color+, pra\u0161kasti deterd\u017eent, 9.1kg, 140\u00a0pranja"},"content":{"rendered":"<p>Pra\u0161kasti deterd\u017eent Ariel Professional Color profesionalni je deterd\u017eent posebno formuliran kako bi o\u010distio za 5 zvjezdica, ba\u0161 kako tra\u017ee profesionalci: odli\u010dno uklanja mrlje, dubinski \u010disti i svje\u017e miris te je u\u010dinkovit pri niskim temperaturama.<\/p>\n","protected":false},"excerpt":{"rendered":"<p>Blistavo \u010di\u0161\u0107enje i na ni\u017eim temperaturama pranja<br \/>\nDubinsko, higijensko \u010di\u0161\u0107enje i za\u0161tita boja<br \/>\nJedinstvena tehnologija za brzo otapanje u vodi<\/p>\n","protected":false},"featured_media":45586,"template":"","meta":{"_seopress_robots_primary_cat":"","_seopress_titles_title":"","_seopress_titles_desc":"","_seopress_robots_index":"","iawp_total_views":0},"product_brand":[427],"product_cat":[283,238],"product_tag":[],"class_list":{"0":"post-45585","1":"product","2":"type-product","3":"status-publish","4":"has-post-thumbnail","6":"product_brand-ariel","7":"product_cat-pranje-rublja-238","8":"product_cat-sve-za-dom","10":"first","11":"outofstock","12":"shipping-taxable","13":"purchasable","14":"product-type-simple"},"_links":{"self":[{"href":"https:\/\/singuli.wpress.me\/index.php\/wp-json\/wp\/v2\/product\/45585","targetHints":{"allow":["GET"]}}],"collection":[{"href":"https:\/\/singuli.wpress.me\/index.php\/wp-json\/wp\/v2\/product"}],"about":[{"href":"https:\/\/singuli.wpress.me\/index.php\/wp-json\/wp\/v2\/types\/product"}],"version-history":[{"count":0,"href":"https:\/\/singuli.wpress.me\/index.php\/wp-json\/wp\/v2\/product\/45585\/revisions"}],"wp:featuredmedia":[{"embeddable":true,"href":"https:\/\/singuli.wpress.me\/index.php\/wp-json\/wp\/v2\/media\/45586"}],"wp:attachment":[{"href":"https:\/\/singuli.wpress.me\/index.php\/wp-json\/wp\/v2\/media?parent=45585"}],"wp:term":[{"taxonomy":"product_brand","embeddable":true,"href":"https:\/\/singuli.wpress.me\/index.php\/wp-json\/wp\/v2\/product_brand?post=45585"},{"taxonomy":"product_cat","embeddable":true,"href":"https:\/\/singuli.wpress.me\/index.php\/wp-json\/wp\/v2\/product_cat?post=45585"},{"taxonomy":"product_tag","embeddable":true,"href":"https:\/\/singuli.wpress.me\/index.php\/wp-json\/wp\/v2\/product_tag?post=45585"}],"curies":[{"name":"wp","href":"https:\/\/api.w.org\/{rel}","templated":true}]}}