{"id":45587,"date":"2026-04-20T12:41:43","date_gmt":"2026-04-20T12:41:43","guid":{"rendered":"https:\/\/singuli.wpress.me\/index.php\/proizvod\/disney-princeza-aurora-lutka\/"},"modified":"2026-04-20T12:41:43","modified_gmt":"2026-04-20T12:41:43","slug":"disney-princeza-aurora-lutka","status":"publish","type":"product","link":"https:\/\/singuli.wpress.me\/index.php\/proizvod\/disney-princeza-aurora-lutka\/","title":{"rendered":"DISNEY princeza Aurora, lutka"},"content":{"rendered":"<p>Pustolovina vas \u010deka s Disney Princess lutkama!<br \/>\nUpoznajte Auroru, inspiriranu pozitivnom i ma\u0161tovitom princezom iz Disneyevog animiranog igranog filma \u201eTrnoru\u017eica\u201c koja je spremna ostvariti svoje snove!<\/p>\n<p>Obo\u017eavatelji \u0107e prepoznati ru\u017ei\u010dastu suknje lutke koja ima autenti\u010dne detalje, predivan top sa \u017eutim detaljem, roze cipelice te zlatnu tijaru koja otvara vrata ma\u0161te svakog djeteta!\u00a0<\/p>\n<p>Ima predivnu dugu plavu kosu koja je savr\u0161ena za kreativno oblikovanje razli\u010ditih frizura! Ima pokretne udove, a cipele i suknja se mogu skinuti.<\/p>\n<p>Savr\u0161en je dar za djecu koja vole o\u017eiviti svoje omiljene filmske trenutke i zaroniti u svijet ma\u0161te!<br \/>\nSkupi sve lutke Disneyjevih princeza za vrhunsku avanturu!<\/p>\n","protected":false},"excerpt":{"rendered":"<p>Inspirirana princezom iz Disneyevog filma \u201eTrnoru\u017eica\u201c<br \/>\nLutka s pokretnim udovima<br \/>\nBoje i dekoracije mogu se razlikovati<\/p>\n","protected":false},"featured_media":45588,"template":"","meta":{"_seopress_robots_primary_cat":"","_seopress_titles_title":"","_seopress_titles_desc":"","_seopress_robots_index":"","iawp_total_views":0},"product_brand":[522],"product_cat":[221,291],"product_tag":[],"class_list":{"0":"post-45587","1":"product","2":"type-product","3":"status-publish","4":"has-post-thumbnail","6":"product_brand-disney","7":"product_cat-igracke","8":"product_cat-igracke-za-djecu-221","10":"first","11":"instock","12":"shipping-taxable","13":"purchasable","14":"product-type-simple"},"_links":{"self":[{"href":"https:\/\/singuli.wpress.me\/index.php\/wp-json\/wp\/v2\/product\/45587","targetHints":{"allow":["GET"]}}],"collection":[{"href":"https:\/\/singuli.wpress.me\/index.php\/wp-json\/wp\/v2\/product"}],"about":[{"href":"https:\/\/singuli.wpress.me\/index.php\/wp-json\/wp\/v2\/types\/product"}],"version-history":[{"count":0,"href":"https:\/\/singuli.wpress.me\/index.php\/wp-json\/wp\/v2\/product\/45587\/revisions"}],"wp:featuredmedia":[{"embeddable":true,"href":"https:\/\/singuli.wpress.me\/index.php\/wp-json\/wp\/v2\/media\/45588"}],"wp:attachment":[{"href":"https:\/\/singuli.wpress.me\/index.php\/wp-json\/wp\/v2\/media?parent=45587"}],"wp:term":[{"taxonomy":"product_brand","embeddable":true,"href":"https:\/\/singuli.wpress.me\/index.php\/wp-json\/wp\/v2\/product_brand?post=45587"},{"taxonomy":"product_cat","embeddable":true,"href":"https:\/\/singuli.wpress.me\/index.php\/wp-json\/wp\/v2\/product_cat?post=45587"},{"taxonomy":"product_tag","embeddable":true,"href":"https:\/\/singuli.wpress.me\/index.php\/wp-json\/wp\/v2\/product_tag?post=45587"}],"curies":[{"name":"wp","href":"https:\/\/api.w.org\/{rel}","templated":true}]}}