{"id":45595,"date":"2026-04-20T12:41:46","date_gmt":"2026-04-20T12:41:46","guid":{"rendered":"https:\/\/singuli.wpress.me\/index.php\/proizvod\/disney-mickey-plisana-igracka-xl-2\/"},"modified":"2026-04-20T12:41:46","modified_gmt":"2026-04-20T12:41:46","slug":"disney-mickey-plisana-igracka-xl-2","status":"publish","type":"product","link":"https:\/\/singuli.wpress.me\/index.php\/proizvod\/disney-mickey-plisana-igracka-xl-2\/","title":{"rendered":"DISNEY Mickey, pli\u0161ana igra\u010dka, XL"},"content":{"rendered":"<p>Novi predivni Disney pli\u0161, mekan i neodoljiv za sve generacije! <span style=\"font-weight: bold\">Super veliki Mickey<\/span> veli\u010dine 60 cm izra\u0111en od najkvalitetnijih materijala i prikladan za djecu od najranije dobi. Dob: 0+<\/p>\n","protected":false},"excerpt":{"rendered":"<p>Siguran za najmla\u0111e<br \/>\nVeli\u010dine 60 cm<br \/>\nDob: 0+ god<\/p>\n","protected":false},"featured_media":45596,"template":"","meta":{"_seopress_robots_primary_cat":"","_seopress_titles_title":"","_seopress_titles_desc":"","_seopress_robots_index":"","iawp_total_views":0},"product_brand":[522],"product_cat":[221,291],"product_tag":[],"class_list":{"0":"post-45595","1":"product","2":"type-product","3":"status-publish","4":"has-post-thumbnail","6":"product_brand-disney","7":"product_cat-igracke","8":"product_cat-igracke-za-djecu-221","10":"first","11":"outofstock","12":"shipping-taxable","13":"purchasable","14":"product-type-simple"},"_links":{"self":[{"href":"https:\/\/singuli.wpress.me\/index.php\/wp-json\/wp\/v2\/product\/45595","targetHints":{"allow":["GET"]}}],"collection":[{"href":"https:\/\/singuli.wpress.me\/index.php\/wp-json\/wp\/v2\/product"}],"about":[{"href":"https:\/\/singuli.wpress.me\/index.php\/wp-json\/wp\/v2\/types\/product"}],"version-history":[{"count":0,"href":"https:\/\/singuli.wpress.me\/index.php\/wp-json\/wp\/v2\/product\/45595\/revisions"}],"wp:featuredmedia":[{"embeddable":true,"href":"https:\/\/singuli.wpress.me\/index.php\/wp-json\/wp\/v2\/media\/45596"}],"wp:attachment":[{"href":"https:\/\/singuli.wpress.me\/index.php\/wp-json\/wp\/v2\/media?parent=45595"}],"wp:term":[{"taxonomy":"product_brand","embeddable":true,"href":"https:\/\/singuli.wpress.me\/index.php\/wp-json\/wp\/v2\/product_brand?post=45595"},{"taxonomy":"product_cat","embeddable":true,"href":"https:\/\/singuli.wpress.me\/index.php\/wp-json\/wp\/v2\/product_cat?post=45595"},{"taxonomy":"product_tag","embeddable":true,"href":"https:\/\/singuli.wpress.me\/index.php\/wp-json\/wp\/v2\/product_tag?post=45595"}],"curies":[{"name":"wp","href":"https:\/\/api.w.org\/{rel}","templated":true}]}}