{"id":45601,"date":"2026-04-20T12:41:48","date_gmt":"2026-04-20T12:41:48","guid":{"rendered":"https:\/\/singuli.wpress.me\/index.php\/proizvod\/laica-infracrveni-toplomjer-th1004\/"},"modified":"2026-04-20T12:41:48","modified_gmt":"2026-04-20T12:41:48","slug":"laica-infracrveni-toplomjer-th1004","status":"publish","type":"product","link":"https:\/\/singuli.wpress.me\/index.php\/proizvod\/laica-infracrveni-toplomjer-th1004\/","title":{"rendered":"LAICA, infracrveni toplomjer, TH1004"},"content":{"rendered":"<p><span style=\"font-weight: bold\">Infracrveni beskontaktni toplomjer za \u010delo i uho<\/span> brzo otkriva tjelesnu temperaturu pomo\u0107u infracrvene tehnologije. <\/p>\n<p>Vi\u0161enamjenski: mjeri temperaturu \u010dela, uha i teku\u0107ine. LED zaslon u tri boje: normalna temperatura, vi\u0161a temperatura i visoka temperatura. <\/p>\n<p>Pohranjuje do 9 mjerenja, tihi na\u010din rada.  <\/p>\n<p>Uklju\u010dene 2 x 1.5V alkalne baterije AAA <\/p>\n","protected":false},"excerpt":{"rendered":"<p>Brzo otkriva temperaturu pomo\u0107u infracrvene tehnologije<br \/>\nVi\u0161enamjenski<br \/>\nPohranjuje do 9 mjerenja<\/p>\n","protected":false},"featured_media":45602,"template":"","meta":{"_seopress_robots_primary_cat":"","_seopress_titles_title":"","_seopress_titles_desc":"","_seopress_robots_index":"","iawp_total_views":0},"product_brand":[148],"product_cat":[192,267],"product_tag":[],"class_list":{"0":"post-45601","1":"product","2":"type-product","3":"status-publish","4":"has-post-thumbnail","6":"product_brand-laica","7":"product_cat-aparati-za-osobnu-njegu","8":"product_cat-zdravstveni-uredaji-192","10":"first","11":"instock","12":"shipping-taxable","13":"purchasable","14":"product-type-simple"},"_links":{"self":[{"href":"https:\/\/singuli.wpress.me\/index.php\/wp-json\/wp\/v2\/product\/45601","targetHints":{"allow":["GET"]}}],"collection":[{"href":"https:\/\/singuli.wpress.me\/index.php\/wp-json\/wp\/v2\/product"}],"about":[{"href":"https:\/\/singuli.wpress.me\/index.php\/wp-json\/wp\/v2\/types\/product"}],"version-history":[{"count":0,"href":"https:\/\/singuli.wpress.me\/index.php\/wp-json\/wp\/v2\/product\/45601\/revisions"}],"wp:featuredmedia":[{"embeddable":true,"href":"https:\/\/singuli.wpress.me\/index.php\/wp-json\/wp\/v2\/media\/45602"}],"wp:attachment":[{"href":"https:\/\/singuli.wpress.me\/index.php\/wp-json\/wp\/v2\/media?parent=45601"}],"wp:term":[{"taxonomy":"product_brand","embeddable":true,"href":"https:\/\/singuli.wpress.me\/index.php\/wp-json\/wp\/v2\/product_brand?post=45601"},{"taxonomy":"product_cat","embeddable":true,"href":"https:\/\/singuli.wpress.me\/index.php\/wp-json\/wp\/v2\/product_cat?post=45601"},{"taxonomy":"product_tag","embeddable":true,"href":"https:\/\/singuli.wpress.me\/index.php\/wp-json\/wp\/v2\/product_tag?post=45601"}],"curies":[{"name":"wp","href":"https:\/\/api.w.org\/{rel}","templated":true}]}}