{"id":45610,"date":"2026-04-20T12:41:51","date_gmt":"2026-04-20T12:41:51","guid":{"rendered":"https:\/\/singuli.wpress.me\/index.php\/proizvod\/barbie-set-coffee-shop\/"},"modified":"2026-04-21T00:27:30","modified_gmt":"2026-04-21T00:27:30","slug":"barbie-set-coffee-shop","status":"publish","type":"product","link":"https:\/\/singuli.wpress.me\/index.php\/proizvod\/barbie-set-coffee-shop\/","title":{"rendered":"BARBIE, set, coffee shop"},"content":{"rendered":"<p>U\u017eivaj u igri s novim Barbie setom! Set uklju\u010duje Barbie lutku, coffee shop i preko 20 dodataka za igru i zabavu. <\/p>\n<p>Barbie lutka nosi slatku majicu s prugama i ru\u017ei\u010dastu prega\u010du te joj je kosa svezana u pun\u0111u. Mo\u017ee pripremiti kavu, smoothie ili \u010daj za svoje goste. Barbie mo\u017ee poslu\u017eiti i slatke poslastice, vodu u bo\u010dici i jo\u0161 mnogo toga. Kada je narud\u017eba spremna, Barbie zazvoni na svojoj blagajni! Neki od dodataka na sebi imaju kva\u010dicu koja omogu\u0107uje Barbie lutki da ih dr\u017ei za realisti\u010dniju igru.<\/p>\n","protected":false},"excerpt":{"rendered":"<p>Set sadr\u017ei lutku i coffee shop<br \/>\nSet sadr\u017ei i preko 20 dodataka<br \/>\nNeke od dodataka lutka mo\u017ee dr\u017eati u rukama<\/p>\n","protected":false},"featured_media":45611,"template":"","meta":{"_seopress_robots_primary_cat":"","_seopress_titles_title":"","_seopress_titles_desc":"","_seopress_robots_index":"","iawp_total_views":0},"product_brand":[324],"product_cat":[221,291],"product_tag":[],"class_list":{"0":"post-45610","1":"product","2":"type-product","3":"status-publish","4":"has-post-thumbnail","6":"product_brand-barbie","7":"product_cat-igracke","8":"product_cat-igracke-za-djecu-221","10":"first","11":"instock","12":"shipping-taxable","13":"purchasable","14":"product-type-simple"},"_links":{"self":[{"href":"https:\/\/singuli.wpress.me\/index.php\/wp-json\/wp\/v2\/product\/45610","targetHints":{"allow":["GET"]}}],"collection":[{"href":"https:\/\/singuli.wpress.me\/index.php\/wp-json\/wp\/v2\/product"}],"about":[{"href":"https:\/\/singuli.wpress.me\/index.php\/wp-json\/wp\/v2\/types\/product"}],"version-history":[{"count":0,"href":"https:\/\/singuli.wpress.me\/index.php\/wp-json\/wp\/v2\/product\/45610\/revisions"}],"wp:featuredmedia":[{"embeddable":true,"href":"https:\/\/singuli.wpress.me\/index.php\/wp-json\/wp\/v2\/media\/45611"}],"wp:attachment":[{"href":"https:\/\/singuli.wpress.me\/index.php\/wp-json\/wp\/v2\/media?parent=45610"}],"wp:term":[{"taxonomy":"product_brand","embeddable":true,"href":"https:\/\/singuli.wpress.me\/index.php\/wp-json\/wp\/v2\/product_brand?post=45610"},{"taxonomy":"product_cat","embeddable":true,"href":"https:\/\/singuli.wpress.me\/index.php\/wp-json\/wp\/v2\/product_cat?post=45610"},{"taxonomy":"product_tag","embeddable":true,"href":"https:\/\/singuli.wpress.me\/index.php\/wp-json\/wp\/v2\/product_tag?post=45610"}],"curies":[{"name":"wp","href":"https:\/\/api.w.org\/{rel}","templated":true}]}}