{"id":45616,"date":"2026-04-20T12:41:53","date_gmt":"2026-04-20T12:41:53","guid":{"rendered":"https:\/\/singuli.wpress.me\/index.php\/proizvod\/barbie-extra-lutka-blonde-bandana\/"},"modified":"2026-04-20T12:41:53","modified_gmt":"2026-04-20T12:41:53","slug":"barbie-extra-lutka-blonde-bandana","status":"publish","type":"product","link":"https:\/\/singuli.wpress.me\/index.php\/proizvod\/barbie-extra-lutka-blonde-bandana\/","title":{"rendered":"BARBIE Extra, lutka, blonde bandana"},"content":{"rendered":"<p>Barbie Extra lutke nose hrabre modne kombinacije, jarke boje i imaju stav! Svaka Barbie Extra lutka ima jedinstveni veseli i razigran stil. I njihovi ku\u0107ni ljubimci, svaki druga\u010diji i svi preslatki, imaju mno\u0161tvo osobnosti.<br \/>\nBarbie Extra omogu\u0107uje djeci da istra\u017euju samoizra\u017eavanje kroz stil i nudi uzbudljivo modno i stilsko iskustvo igre s lutkama. Za sve one koji se \u017eele zabaviti s modom, svjetlucavim, gumenim medvjedi\u0107ima, emotikonima i posebnim frizurama i donijeti EXTRA ugo\u0111aj gdje god i\u0161li.<br \/>\nBarbie Extra Blonde Bandana lutka ima duga\u010dku plavu kosu s plavim pramenovima. Njezina kosa je stilizirana u polupodignutu pun\u0111icu. Lutka ima pokretne zglobove i dolazi s 15 dodataka koji uklju\u010duju i ku\u0107nog ljubimca, \u0161tene \u010divave koje dolazi sa sun\u010danim nao\u010dalama i mini trakom za tr\u010danje.<\/p>\n","protected":false},"excerpt":{"rendered":"<p>Lutka s pomi\u010dnim zglobovima<br \/>\n15 dodataka<br \/>\nPoti\u0107e modno samoizra\u017eavanje<\/p>\n","protected":false},"featured_media":45617,"template":"","meta":{"_seopress_robots_primary_cat":"","_seopress_titles_title":"","_seopress_titles_desc":"","_seopress_robots_index":"","iawp_total_views":0},"product_brand":[324],"product_cat":[221,291],"product_tag":[],"class_list":{"0":"post-45616","1":"product","2":"type-product","3":"status-publish","4":"has-post-thumbnail","6":"product_brand-barbie","7":"product_cat-igracke","8":"product_cat-igracke-za-djecu-221","10":"first","11":"outofstock","12":"shipping-taxable","13":"purchasable","14":"product-type-simple"},"_links":{"self":[{"href":"https:\/\/singuli.wpress.me\/index.php\/wp-json\/wp\/v2\/product\/45616","targetHints":{"allow":["GET"]}}],"collection":[{"href":"https:\/\/singuli.wpress.me\/index.php\/wp-json\/wp\/v2\/product"}],"about":[{"href":"https:\/\/singuli.wpress.me\/index.php\/wp-json\/wp\/v2\/types\/product"}],"version-history":[{"count":0,"href":"https:\/\/singuli.wpress.me\/index.php\/wp-json\/wp\/v2\/product\/45616\/revisions"}],"wp:featuredmedia":[{"embeddable":true,"href":"https:\/\/singuli.wpress.me\/index.php\/wp-json\/wp\/v2\/media\/45617"}],"wp:attachment":[{"href":"https:\/\/singuli.wpress.me\/index.php\/wp-json\/wp\/v2\/media?parent=45616"}],"wp:term":[{"taxonomy":"product_brand","embeddable":true,"href":"https:\/\/singuli.wpress.me\/index.php\/wp-json\/wp\/v2\/product_brand?post=45616"},{"taxonomy":"product_cat","embeddable":true,"href":"https:\/\/singuli.wpress.me\/index.php\/wp-json\/wp\/v2\/product_cat?post=45616"},{"taxonomy":"product_tag","embeddable":true,"href":"https:\/\/singuli.wpress.me\/index.php\/wp-json\/wp\/v2\/product_tag?post=45616"}],"curies":[{"name":"wp","href":"https:\/\/api.w.org\/{rel}","templated":true}]}}