{"id":45621,"date":"2026-04-20T12:41:55","date_gmt":"2026-04-20T12:41:55","guid":{"rendered":"https:\/\/singuli.wpress.me\/index.php\/proizvod\/heinz-majoneza-220-ml\/"},"modified":"2026-04-21T00:27:30","modified_gmt":"2026-04-21T00:27:30","slug":"heinz-majoneza-220-ml","status":"publish","type":"product","link":"https:\/\/singuli.wpress.me\/index.php\/proizvod\/heinz-majoneza-220-ml\/","title":{"rendered":"HEINZ, majoneza, 220\u00a0ml"},"content":{"rendered":"<p>Heinz majoneza je popularan proizvod koji se koristi \u0161irom svijeta. Heinz je poznati brend koji proizvodi razne prehrambene proizvode, a majoneza je jedan od njih.<\/p>\n<p><span style=\"font-weight: bold\">Heinz majoneza je bogata, kremasta i glatka emulzija<\/span> koja se dobiva mije\u0161anjem jaja, ulja, octa ili limunovog soka, senfa i drugih sastojaka. Ona ima karakteristi\u010dnu svijetlu boju i jedinstveni okus. Heinz majoneza se obi\u010dno koristi kao namaz ili sastojak u raznim jelima.<\/p>\n<p>Majoneza se \u010desto koristi kao namaz za sendvi\u010de, hamburgere, hot dogove i druge vrste peciva. Tako\u0111er je popularna kao sastojak u salatama, kao \u0161to su krumpir salata, jaja salata ili tunjevina salata. Mo\u017ee se koristiti i kao preljev za umake, dipove ili za\u010dinjanje jela.<\/p>\n<p>Dolazi u prakti\u010dnim staklenim ili plasti\u010dnim posudama koje su jednostavne za upotrebu i \u010duvanje. Mo\u017ee se lako dozirati i koristiti prema potrebi.<\/p>\n<p>Kao i ostali proizvodi Heinz, majoneza se proizvodi s visokim standardima kvalitete i sigurnosti hrane. Brend Heinz je poznat po svom dugogodi\u0161njem iskustvu i predanosti u proizvodnji vrhunskih prehrambenih proizvoda.<\/p>\n<p>Ukratko, Heinz majoneza je popularan proizvod koji nudi bogat, kremasti okus i koristi se na razne na\u010dine. Njena raznolika upotreba \u010dini je omiljenim dodatkom u mnogim jelima i salatama diljem svijeta, uklju\u010duju\u0107i i Hrvatsku.<\/p>\n","protected":false},"excerpt":{"rendered":"<p>Karakteristi\u010dna boja i jedinstveni okus<br \/>\nIzra\u0111en od pa\u017eljivo odabranih sastojaka<br \/>\nProizvodi se s visokim standardima kvalitete i sigurnosti hrane<\/p>\n","protected":false},"featured_media":45622,"template":"","meta":{"_seopress_robots_primary_cat":"","_seopress_titles_title":"","_seopress_titles_desc":"","_seopress_robots_index":"","iawp_total_views":0},"product_brand":[395],"product_cat":[266,265,160],"product_tag":[],"class_list":{"0":"post-45621","1":"product","2":"type-product","3":"status-publish","4":"has-post-thumbnail","6":"product_brand-heinz","7":"product_cat-aparati-za-kuhanje-265","8":"product_cat-kuhinjski-aparati-160","9":"product_cat-mali-kucanski-aparati","11":"first","12":"instock","13":"shipping-taxable","14":"purchasable","15":"product-type-simple"},"_links":{"self":[{"href":"https:\/\/singuli.wpress.me\/index.php\/wp-json\/wp\/v2\/product\/45621","targetHints":{"allow":["GET"]}}],"collection":[{"href":"https:\/\/singuli.wpress.me\/index.php\/wp-json\/wp\/v2\/product"}],"about":[{"href":"https:\/\/singuli.wpress.me\/index.php\/wp-json\/wp\/v2\/types\/product"}],"version-history":[{"count":0,"href":"https:\/\/singuli.wpress.me\/index.php\/wp-json\/wp\/v2\/product\/45621\/revisions"}],"wp:featuredmedia":[{"embeddable":true,"href":"https:\/\/singuli.wpress.me\/index.php\/wp-json\/wp\/v2\/media\/45622"}],"wp:attachment":[{"href":"https:\/\/singuli.wpress.me\/index.php\/wp-json\/wp\/v2\/media?parent=45621"}],"wp:term":[{"taxonomy":"product_brand","embeddable":true,"href":"https:\/\/singuli.wpress.me\/index.php\/wp-json\/wp\/v2\/product_brand?post=45621"},{"taxonomy":"product_cat","embeddable":true,"href":"https:\/\/singuli.wpress.me\/index.php\/wp-json\/wp\/v2\/product_cat?post=45621"},{"taxonomy":"product_tag","embeddable":true,"href":"https:\/\/singuli.wpress.me\/index.php\/wp-json\/wp\/v2\/product_tag?post=45621"}],"curies":[{"name":"wp","href":"https:\/\/api.w.org\/{rel}","templated":true}]}}