{"id":45631,"date":"2026-04-20T12:41:58","date_gmt":"2026-04-20T12:41:58","guid":{"rendered":"https:\/\/singuli.wpress.me\/index.php\/proizvod\/domo-do332ip-indukcijska-ploca\/"},"modified":"2026-04-21T00:27:30","modified_gmt":"2026-04-21T00:27:30","slug":"domo-do332ip-indukcijska-ploca","status":"publish","type":"product","link":"https:\/\/singuli.wpress.me\/index.php\/proizvod\/domo-do332ip-indukcijska-ploca\/","title":{"rendered":"DOMO DO332IP, indukcijska plo\u010da"},"content":{"rendered":"<p>Zbog svoje kompaktne veli\u010dine DOMO indukcijska plo\u010da za kuhanje prikladna je za kampiranje ili malu kuhinju. Mo\u017eete koristiti od 1 od 8 postavki napajanja. Tako mo\u017eete u kratkom vremenu zagrijati lonac juhe ili konzervu kobasica. Plo\u010da za kuhanje ima promjer 20 cm i zagrijava va\u0161e posu\u0111e na 240\u00b0C. Koristite mjera\u010d vremena da napravite \u0161pagete ili tjesteninu al dente.\u00a0<\/p>\n","protected":false},"excerpt":{"rendered":"<p>Visokokvalitetna kerami\u010dka povr\u0161ina<br \/>\nPode\u0161avanje temperature do 240\u00b0C<br \/>\nKoristite samo posu\u0111e prikladno za indukcijsko kuhanje<\/p>\n","protected":false},"featured_media":45632,"template":"","meta":{"_seopress_robots_primary_cat":"","_seopress_titles_title":"","_seopress_titles_desc":"","_seopress_robots_index":"","iawp_total_views":0},"product_brand":[255],"product_cat":[192,267],"product_tag":[],"class_list":{"0":"post-45631","1":"product","2":"type-product","3":"status-publish","4":"has-post-thumbnail","6":"product_brand-domo","7":"product_cat-aparati-za-osobnu-njegu","8":"product_cat-zdravstveni-uredaji-192","10":"first","11":"outofstock","12":"shipping-taxable","13":"purchasable","14":"product-type-simple"},"_links":{"self":[{"href":"https:\/\/singuli.wpress.me\/index.php\/wp-json\/wp\/v2\/product\/45631","targetHints":{"allow":["GET"]}}],"collection":[{"href":"https:\/\/singuli.wpress.me\/index.php\/wp-json\/wp\/v2\/product"}],"about":[{"href":"https:\/\/singuli.wpress.me\/index.php\/wp-json\/wp\/v2\/types\/product"}],"version-history":[{"count":0,"href":"https:\/\/singuli.wpress.me\/index.php\/wp-json\/wp\/v2\/product\/45631\/revisions"}],"wp:featuredmedia":[{"embeddable":true,"href":"https:\/\/singuli.wpress.me\/index.php\/wp-json\/wp\/v2\/media\/45632"}],"wp:attachment":[{"href":"https:\/\/singuli.wpress.me\/index.php\/wp-json\/wp\/v2\/media?parent=45631"}],"wp:term":[{"taxonomy":"product_brand","embeddable":true,"href":"https:\/\/singuli.wpress.me\/index.php\/wp-json\/wp\/v2\/product_brand?post=45631"},{"taxonomy":"product_cat","embeddable":true,"href":"https:\/\/singuli.wpress.me\/index.php\/wp-json\/wp\/v2\/product_cat?post=45631"},{"taxonomy":"product_tag","embeddable":true,"href":"https:\/\/singuli.wpress.me\/index.php\/wp-json\/wp\/v2\/product_tag?post=45631"}],"curies":[{"name":"wp","href":"https:\/\/api.w.org\/{rel}","templated":true}]}}