{"id":45638,"date":"2026-04-20T12:42:00","date_gmt":"2026-04-20T12:42:00","guid":{"rendered":"https:\/\/singuli.wpress.me\/index.php\/proizvod\/gillette-sea-mist-losion-poslije-brijanja-100-ml\/"},"modified":"2026-04-20T12:42:00","modified_gmt":"2026-04-20T12:42:00","slug":"gillette-sea-mist-losion-poslije-brijanja-100-ml","status":"publish","type":"product","link":"https:\/\/singuli.wpress.me\/index.php\/proizvod\/gillette-sea-mist-losion-poslije-brijanja-100-ml\/","title":{"rendered":"GILLETTE Sea Mist, losion poslije brijanja, 100\u00a0ml"},"content":{"rendered":"<p>Zavr\u0161ni korak svakog brijanja trebao bi biti losion koji \u0107e umiriti i osvje\u017eiti ko\u017eu. \u017delite li tome pridodati i cjelodnevnu za\u0161titu ko\u017ee, odaberite Gillette Series Arctic Ice. On sadr\u017ei vitamin E za regeneraciju, za\u0161titu i hidratizaciju, kao i posebnu formulu koja na va\u0161oj ko\u017ei stvara nevidljiv sloj cjelodnevne za\u0161tite. Dodajte tome i dugotrajan iznimno osvje\u017eavaju\u0107i miris. Sve \u0161to trebate za odli\u010dan po\u010detak dana je tu, zar ne?!<\/p>\n","protected":false},"excerpt":{"rendered":"<p>losion koji umiruje i osvje\u017eava ko\u017eu nakon brijanja<br \/>\ns vitaminom e<br \/>\nrevitalizira, \u0161titi i hidratizira<\/p>\n","protected":false},"featured_media":45639,"template":"","meta":{"_seopress_robots_primary_cat":"","_seopress_titles_title":"","_seopress_titles_desc":"","_seopress_robots_index":"","iawp_total_views":0},"product_brand":[323],"product_cat":[268,278],"product_tag":[],"class_list":{"0":"post-45638","1":"product","2":"type-product","3":"status-publish","4":"has-post-thumbnail","6":"product_brand-gillette","7":"product_cat-kozmetika-2","8":"product_cat-njega-tijela-268","10":"first","11":"instock","12":"shipping-taxable","13":"purchasable","14":"product-type-simple"},"_links":{"self":[{"href":"https:\/\/singuli.wpress.me\/index.php\/wp-json\/wp\/v2\/product\/45638","targetHints":{"allow":["GET"]}}],"collection":[{"href":"https:\/\/singuli.wpress.me\/index.php\/wp-json\/wp\/v2\/product"}],"about":[{"href":"https:\/\/singuli.wpress.me\/index.php\/wp-json\/wp\/v2\/types\/product"}],"version-history":[{"count":0,"href":"https:\/\/singuli.wpress.me\/index.php\/wp-json\/wp\/v2\/product\/45638\/revisions"}],"wp:featuredmedia":[{"embeddable":true,"href":"https:\/\/singuli.wpress.me\/index.php\/wp-json\/wp\/v2\/media\/45639"}],"wp:attachment":[{"href":"https:\/\/singuli.wpress.me\/index.php\/wp-json\/wp\/v2\/media?parent=45638"}],"wp:term":[{"taxonomy":"product_brand","embeddable":true,"href":"https:\/\/singuli.wpress.me\/index.php\/wp-json\/wp\/v2\/product_brand?post=45638"},{"taxonomy":"product_cat","embeddable":true,"href":"https:\/\/singuli.wpress.me\/index.php\/wp-json\/wp\/v2\/product_cat?post=45638"},{"taxonomy":"product_tag","embeddable":true,"href":"https:\/\/singuli.wpress.me\/index.php\/wp-json\/wp\/v2\/product_tag?post=45638"}],"curies":[{"name":"wp","href":"https:\/\/api.w.org\/{rel}","templated":true}]}}