{"id":45644,"date":"2026-04-20T12:42:06","date_gmt":"2026-04-20T12:42:06","guid":{"rendered":"https:\/\/singuli.wpress.me\/index.php\/proizvod\/gillette-poklon-paket-venus-sensitive-britvica-extra-smooth-2-zamjenske-britive-drzac-za-tus-kozmeticka-torbica\/"},"modified":"2026-04-20T12:42:06","modified_gmt":"2026-04-20T12:42:06","slug":"gillette-poklon-paket-venus-sensitive-britvica-extra-smooth-2-zamjenske-britive-drzac-za-tus-kozmeticka-torbica","status":"publish","type":"product","link":"https:\/\/singuli.wpress.me\/index.php\/proizvod\/gillette-poklon-paket-venus-sensitive-britvica-extra-smooth-2-zamjenske-britive-drzac-za-tus-kozmeticka-torbica\/","title":{"rendered":"GILLETTE, poklon paket, Venus Sensitive britvica extra smooth + 2 zamjenske britive + dr\u017ea\u010d za tu\u0161 + kozmeti\u010dka torbica"},"content":{"rendered":"<p>Poklon paket sadr\u017ei britvicu Gillette Venus Extra Smooth Sensitive sa posebno dizajniranom dr\u0161kom, 2 zamjenske britvice, dr\u017ea\u010d za tu\u0161 i kozmeti\u010dku torbicu.<\/p>\n","protected":false},"excerpt":{"rendered":"<p>Poklon paket sadr\u017ei britvicu Gillette Venus Extra Smooth Sensitive sa posebno dizajniranom dr\u0161kom, 2 zamjenske britvice, dr\u017ea\u010d za tu\u0161 i<\/p>\n","protected":false},"featured_media":45645,"template":"","meta":{"_seopress_robots_primary_cat":"","_seopress_titles_title":"","_seopress_titles_desc":"","_seopress_robots_index":"","iawp_total_views":0},"product_brand":[323],"product_cat":[261,277],"product_tag":[],"class_list":{"0":"post-45644","1":"product","2":"type-product","3":"status-publish","4":"has-post-thumbnail","6":"product_brand-gillette","7":"product_cat-hrana-i-pice","8":"product_cat-slatkisi-i-grickalice-261","10":"first","11":"outofstock","12":"shipping-taxable","13":"purchasable","14":"product-type-simple"},"_links":{"self":[{"href":"https:\/\/singuli.wpress.me\/index.php\/wp-json\/wp\/v2\/product\/45644","targetHints":{"allow":["GET"]}}],"collection":[{"href":"https:\/\/singuli.wpress.me\/index.php\/wp-json\/wp\/v2\/product"}],"about":[{"href":"https:\/\/singuli.wpress.me\/index.php\/wp-json\/wp\/v2\/types\/product"}],"version-history":[{"count":0,"href":"https:\/\/singuli.wpress.me\/index.php\/wp-json\/wp\/v2\/product\/45644\/revisions"}],"wp:featuredmedia":[{"embeddable":true,"href":"https:\/\/singuli.wpress.me\/index.php\/wp-json\/wp\/v2\/media\/45645"}],"wp:attachment":[{"href":"https:\/\/singuli.wpress.me\/index.php\/wp-json\/wp\/v2\/media?parent=45644"}],"wp:term":[{"taxonomy":"product_brand","embeddable":true,"href":"https:\/\/singuli.wpress.me\/index.php\/wp-json\/wp\/v2\/product_brand?post=45644"},{"taxonomy":"product_cat","embeddable":true,"href":"https:\/\/singuli.wpress.me\/index.php\/wp-json\/wp\/v2\/product_cat?post=45644"},{"taxonomy":"product_tag","embeddable":true,"href":"https:\/\/singuli.wpress.me\/index.php\/wp-json\/wp\/v2\/product_tag?post=45644"}],"curies":[{"name":"wp","href":"https:\/\/api.w.org\/{rel}","templated":true}]}}