{"id":45646,"date":"2026-04-20T12:42:07","date_gmt":"2026-04-20T12:42:07","guid":{"rendered":"https:\/\/singuli.wpress.me\/index.php\/proizvod\/domo-do337ip-indukcijska-ploca\/"},"modified":"2026-04-21T00:27:31","modified_gmt":"2026-04-21T00:27:31","slug":"domo-do337ip-indukcijska-ploca","status":"publish","type":"product","link":"https:\/\/singuli.wpress.me\/index.php\/proizvod\/domo-do337ip-indukcijska-ploca\/","title":{"rendered":"DOMO DO337IP, indukcijska plo\u010da"},"content":{"rendered":"<p>Jednostavno ga uklju\u010dite i po\u010dnite kuhati. Savr\u0161eno za male kuhinje i studentske sobe. Plo\u010da za kuhanje ima 10 postavki, prikazanih u snazi (maks. 2000 W) ili temperaturi, koje se mogu odabrati tipkama na dodir. Za jo\u0161 br\u017ee zagrijavanje mo\u017eete koristiti tipke pre\u010daca za prebacivanje na najvi\u0161u ili najni\u017eu postavku. Indukcijska plo\u010da za kuhanje iznimno je sigurna: ne zagrijava se bez posude na njoj, indikator preostale topline pokazuje je li polje za kuhanje jo\u0161 vru\u0107e, a blokada za djecu sprje\u010dava slu\u010dajno uklju\u010divanje.<\/p>\n","protected":false},"excerpt":{"rendered":"<p>Visokokvalitetna kerami\u010dka povr\u0161ina<br \/>\nPrakti\u010dne tipke pre\u010daca za minimalne i maksimalne\u00a0 postavke<br \/>\nKoristite samo posu\u0111e prikladno za indukcijsko kuhanje<\/p>\n","protected":false},"featured_media":45647,"template":"","meta":{"_seopress_robots_primary_cat":"","_seopress_titles_title":"","_seopress_titles_desc":"","_seopress_robots_index":"","iawp_total_views":0},"product_brand":[255],"product_cat":[192,267],"product_tag":[],"class_list":{"0":"post-45646","1":"product","2":"type-product","3":"status-publish","4":"has-post-thumbnail","6":"product_brand-domo","7":"product_cat-aparati-za-osobnu-njegu","8":"product_cat-zdravstveni-uredaji-192","10":"first","11":"outofstock","12":"shipping-taxable","13":"purchasable","14":"product-type-simple"},"_links":{"self":[{"href":"https:\/\/singuli.wpress.me\/index.php\/wp-json\/wp\/v2\/product\/45646","targetHints":{"allow":["GET"]}}],"collection":[{"href":"https:\/\/singuli.wpress.me\/index.php\/wp-json\/wp\/v2\/product"}],"about":[{"href":"https:\/\/singuli.wpress.me\/index.php\/wp-json\/wp\/v2\/types\/product"}],"version-history":[{"count":0,"href":"https:\/\/singuli.wpress.me\/index.php\/wp-json\/wp\/v2\/product\/45646\/revisions"}],"wp:featuredmedia":[{"embeddable":true,"href":"https:\/\/singuli.wpress.me\/index.php\/wp-json\/wp\/v2\/media\/45647"}],"wp:attachment":[{"href":"https:\/\/singuli.wpress.me\/index.php\/wp-json\/wp\/v2\/media?parent=45646"}],"wp:term":[{"taxonomy":"product_brand","embeddable":true,"href":"https:\/\/singuli.wpress.me\/index.php\/wp-json\/wp\/v2\/product_brand?post=45646"},{"taxonomy":"product_cat","embeddable":true,"href":"https:\/\/singuli.wpress.me\/index.php\/wp-json\/wp\/v2\/product_cat?post=45646"},{"taxonomy":"product_tag","embeddable":true,"href":"https:\/\/singuli.wpress.me\/index.php\/wp-json\/wp\/v2\/product_tag?post=45646"}],"curies":[{"name":"wp","href":"https:\/\/api.w.org\/{rel}","templated":true}]}}