{"id":45652,"date":"2026-04-20T12:42:09","date_gmt":"2026-04-20T12:42:09","guid":{"rendered":"https:\/\/singuli.wpress.me\/index.php\/proizvod\/mlb-lutka-rena-rouge\/"},"modified":"2026-04-20T12:42:09","modified_gmt":"2026-04-20T12:42:09","slug":"mlb-lutka-rena-rouge","status":"publish","type":"product","link":"https:\/\/singuli.wpress.me\/index.php\/proizvod\/mlb-lutka-rena-rouge\/","title":{"rendered":"MLB, lutka, Rena Rouge"},"content":{"rendered":"<p>Rena Rouge &#8211; Alya Cesaire je Marinetteina najbolja prijateljica, zajedno poha\u0111aju isti razred u jednoj od pari\u0161kih \u0161kola. Rena Rouge je odana superjunakinja koja je uvijek spremna pomo\u0107i ljudima u nevolji. Ona ima crvenu kosu koja je ukra\u0161ena trakom za glavu s lisi\u010dijim u\u0161ima. Preko lica nosi masku, a tijelo joj pokriva naran\u010dasto-bijeli kombinezon. Igra\u010dka je namijenjena djeci starijoj od 4 godine.<\/p>\n","protected":false},"excerpt":{"rendered":"<p>Superjunakinja uvijek spremna pomo\u0107i<br \/>\nCrvena kosa ukra\u0161ena trakom za glavu<br \/>\nDob: 4+ god<\/p>\n","protected":false},"featured_media":45653,"template":"","meta":{"_seopress_robots_primary_cat":"","_seopress_titles_title":"","_seopress_titles_desc":"","_seopress_robots_index":"","iawp_total_views":0},"product_brand":[746],"product_cat":[221,291],"product_tag":[],"class_list":{"0":"post-45652","1":"product","2":"type-product","3":"status-publish","4":"has-post-thumbnail","6":"product_brand-mlb","7":"product_cat-igracke","8":"product_cat-igracke-za-djecu-221","10":"first","11":"outofstock","12":"shipping-taxable","13":"purchasable","14":"product-type-simple"},"_links":{"self":[{"href":"https:\/\/singuli.wpress.me\/index.php\/wp-json\/wp\/v2\/product\/45652","targetHints":{"allow":["GET"]}}],"collection":[{"href":"https:\/\/singuli.wpress.me\/index.php\/wp-json\/wp\/v2\/product"}],"about":[{"href":"https:\/\/singuli.wpress.me\/index.php\/wp-json\/wp\/v2\/types\/product"}],"version-history":[{"count":0,"href":"https:\/\/singuli.wpress.me\/index.php\/wp-json\/wp\/v2\/product\/45652\/revisions"}],"wp:featuredmedia":[{"embeddable":true,"href":"https:\/\/singuli.wpress.me\/index.php\/wp-json\/wp\/v2\/media\/45653"}],"wp:attachment":[{"href":"https:\/\/singuli.wpress.me\/index.php\/wp-json\/wp\/v2\/media?parent=45652"}],"wp:term":[{"taxonomy":"product_brand","embeddable":true,"href":"https:\/\/singuli.wpress.me\/index.php\/wp-json\/wp\/v2\/product_brand?post=45652"},{"taxonomy":"product_cat","embeddable":true,"href":"https:\/\/singuli.wpress.me\/index.php\/wp-json\/wp\/v2\/product_cat?post=45652"},{"taxonomy":"product_tag","embeddable":true,"href":"https:\/\/singuli.wpress.me\/index.php\/wp-json\/wp\/v2\/product_tag?post=45652"}],"curies":[{"name":"wp","href":"https:\/\/api.w.org\/{rel}","templated":true}]}}