{"id":45656,"date":"2026-04-20T12:42:10","date_gmt":"2026-04-20T12:42:10","guid":{"rendered":"https:\/\/singuli.wpress.me\/index.php\/proizvod\/wellaflex-2nd-day-volume-lak-za-kosu-250-ml\/"},"modified":"2026-04-21T00:27:31","modified_gmt":"2026-04-21T00:27:31","slug":"wellaflex-2nd-day-volume-lak-za-kosu-250-ml","status":"publish","type":"product","link":"https:\/\/singuli.wpress.me\/index.php\/proizvod\/wellaflex-2nd-day-volume-lak-za-kosu-250-ml\/","title":{"rendered":"WELLAFLEX 2nd Day Volume , lak za kosu, 250\u00a0ml"},"content":{"rendered":"<p>Wellaflex lak za kosu daje va\u0161oj kosi fleksibilnost i \u010dvrsto\u0107u, te dugotrajnu postojanost frizure. Zahvaljuju\u0107i prakti\u010dnoj veli\u010dini, lak za kosu savr\u0161en je i za no\u0161enje u va\u0161oj torbi.<\/p>\n","protected":false},"excerpt":{"rendered":"<p>Sna\u017eno u\u010dvr\u0161\u0107ivanje<br \/>\nPrirodan izgled<br \/>\nCjelodnevna postojanost<\/p>\n","protected":false},"featured_media":45657,"template":"","meta":{"_seopress_robots_primary_cat":"","_seopress_titles_title":"","_seopress_titles_desc":"","_seopress_robots_index":"","iawp_total_views":0},"product_brand":[841],"product_cat":[268,300],"product_tag":[],"class_list":{"0":"post-45656","1":"product","2":"type-product","3":"status-publish","4":"has-post-thumbnail","6":"product_brand-wellaflex","7":"product_cat-kozmetika-2","8":"product_cat-njega-kose-268","10":"first","11":"outofstock","12":"shipping-taxable","13":"purchasable","14":"product-type-simple"},"_links":{"self":[{"href":"https:\/\/singuli.wpress.me\/index.php\/wp-json\/wp\/v2\/product\/45656","targetHints":{"allow":["GET"]}}],"collection":[{"href":"https:\/\/singuli.wpress.me\/index.php\/wp-json\/wp\/v2\/product"}],"about":[{"href":"https:\/\/singuli.wpress.me\/index.php\/wp-json\/wp\/v2\/types\/product"}],"version-history":[{"count":0,"href":"https:\/\/singuli.wpress.me\/index.php\/wp-json\/wp\/v2\/product\/45656\/revisions"}],"wp:featuredmedia":[{"embeddable":true,"href":"https:\/\/singuli.wpress.me\/index.php\/wp-json\/wp\/v2\/media\/45657"}],"wp:attachment":[{"href":"https:\/\/singuli.wpress.me\/index.php\/wp-json\/wp\/v2\/media?parent=45656"}],"wp:term":[{"taxonomy":"product_brand","embeddable":true,"href":"https:\/\/singuli.wpress.me\/index.php\/wp-json\/wp\/v2\/product_brand?post=45656"},{"taxonomy":"product_cat","embeddable":true,"href":"https:\/\/singuli.wpress.me\/index.php\/wp-json\/wp\/v2\/product_cat?post=45656"},{"taxonomy":"product_tag","embeddable":true,"href":"https:\/\/singuli.wpress.me\/index.php\/wp-json\/wp\/v2\/product_tag?post=45656"}],"curies":[{"name":"wp","href":"https:\/\/api.w.org\/{rel}","templated":true}]}}