{"id":45658,"date":"2026-04-20T12:42:10","date_gmt":"2026-04-20T12:42:10","guid":{"rendered":"https:\/\/singuli.wpress.me\/index.php\/proizvod\/kookyloos-drustvena-igra-modni-izazov\/"},"modified":"2026-04-21T00:27:31","modified_gmt":"2026-04-21T00:27:31","slug":"kookyloos-drustvena-igra-modni-izazov","status":"publish","type":"product","link":"https:\/\/singuli.wpress.me\/index.php\/proizvod\/kookyloos-drustvena-igra-modni-izazov\/","title":{"rendered":"KOOKYLOOS, dru\u0161tvena igra, modni izazov"},"content":{"rendered":"<p><span style=\"font-weight: bold\">Kooky Loos &#8211; vrijeme je za modni izazov!<\/span>  Postavi odje\u0107u na vje\u0161alice, a dodatke na police. <\/p>\n<p>Zapo\u010dni igru! Promije\u0161aj kartice i izvuci jednu iz skupine &quot;Event&quot; i 3 kartice iz skupine &quot;Clothes&quot; &#8211; izazov po\u010dinje &#8211; kuda ide\u0161, na koji event i \u0161to treba\u0161 obu\u0107i?<\/p>\n<p>Ekskluzivna lutkica Sara spremna je &#8211; postavi je na platformu da se pogleda u ogledalu! Jednim potezom promijeni joj izraz lica! Mo\u017eda joj se svi\u0111a, a mo\u017eda i ne &#8211; preko 50 kombinacija! Odaberi pravu i zabavi se!<\/p>\n<p>Preporu\u010dena dob: 3+<\/p>\n","protected":false},"excerpt":{"rendered":"<p>Zabavna dru\u0161tvena igra<br \/>\nPreko 50 modnih kombinacija<br \/>\nDob: 3+<\/p>\n","protected":false},"featured_media":45659,"template":"","meta":{"_seopress_robots_primary_cat":"","_seopress_titles_title":"","_seopress_titles_desc":"","_seopress_robots_index":"","iawp_total_views":0},"product_brand":[533],"product_cat":[221,291],"product_tag":[],"class_list":{"0":"post-45658","1":"product","2":"type-product","3":"status-publish","4":"has-post-thumbnail","6":"product_brand-kookyloos","7":"product_cat-igracke","8":"product_cat-igracke-za-djecu-221","10":"first","11":"outofstock","12":"shipping-taxable","13":"purchasable","14":"product-type-simple"},"_links":{"self":[{"href":"https:\/\/singuli.wpress.me\/index.php\/wp-json\/wp\/v2\/product\/45658","targetHints":{"allow":["GET"]}}],"collection":[{"href":"https:\/\/singuli.wpress.me\/index.php\/wp-json\/wp\/v2\/product"}],"about":[{"href":"https:\/\/singuli.wpress.me\/index.php\/wp-json\/wp\/v2\/types\/product"}],"version-history":[{"count":0,"href":"https:\/\/singuli.wpress.me\/index.php\/wp-json\/wp\/v2\/product\/45658\/revisions"}],"wp:featuredmedia":[{"embeddable":true,"href":"https:\/\/singuli.wpress.me\/index.php\/wp-json\/wp\/v2\/media\/45659"}],"wp:attachment":[{"href":"https:\/\/singuli.wpress.me\/index.php\/wp-json\/wp\/v2\/media?parent=45658"}],"wp:term":[{"taxonomy":"product_brand","embeddable":true,"href":"https:\/\/singuli.wpress.me\/index.php\/wp-json\/wp\/v2\/product_brand?post=45658"},{"taxonomy":"product_cat","embeddable":true,"href":"https:\/\/singuli.wpress.me\/index.php\/wp-json\/wp\/v2\/product_cat?post=45658"},{"taxonomy":"product_tag","embeddable":true,"href":"https:\/\/singuli.wpress.me\/index.php\/wp-json\/wp\/v2\/product_tag?post=45658"}],"curies":[{"name":"wp","href":"https:\/\/api.w.org\/{rel}","templated":true}]}}