{"id":45663,"date":"2026-04-20T12:42:12","date_gmt":"2026-04-20T12:42:12","guid":{"rendered":"https:\/\/singuli.wpress.me\/index.php\/proizvod\/medex-elanosol-beauty-balzam-za-usne-4-5-g\/"},"modified":"2026-04-20T12:42:12","modified_gmt":"2026-04-20T12:42:12","slug":"medex-elanosol-beauty-balzam-za-usne-4-5-g","status":"publish","type":"product","link":"https:\/\/singuli.wpress.me\/index.php\/proizvod\/medex-elanosol-beauty-balzam-za-usne-4-5-g\/","title":{"rendered":"MEDEX Elanosol Beauty, balzam za usne, 4.5\u00a0g"},"content":{"rendered":"<p>Balzam za mekane i sjajne usne.<br \/>\nNje\u017eni balzam s prirodnim p\u010delinjim voskom, smiljem, lavandom, medom i ceramidima omogu\u0107ava br\u017eu regeneraciju stanica i pobolj\u0161ava strukturu ko\u017ee. Balzam \u010duva elasti\u010dnost usana i hrani ih te vla\u017ei. Nakon nanosa usne su svileno mekane i obojene nje\u017enim ru\u017ei\u010dastim sjajem. Dermatolo\u0161ki testirano. Bez parabena, parafina, sinteti\u010dkih mirisa i mineralnih ulja. Za svakodnevnu njegu.<\/p>\n<p><span style=\"font-weight: bold\">Na\u010din primjene:<\/span> Balzam  nanesite u tankom sloju na usne vi\u0161e puta na dan.<\/p>\n","protected":false},"excerpt":{"rendered":"<p>Prirodna za\u0161tita usana<br \/>\nUsne njeguje i \u0161titi<br \/>\nPrimjeren za cijelu obitelj<\/p>\n","protected":false},"featured_media":45664,"template":"","meta":{"_seopress_robots_primary_cat":"","_seopress_titles_title":"","_seopress_titles_desc":"","_seopress_robots_index":"","iawp_total_views":0},"product_brand":[415],"product_cat":[268,269],"product_tag":[],"class_list":{"0":"post-45663","1":"product","2":"type-product","3":"status-publish","4":"has-post-thumbnail","6":"product_brand-medex","7":"product_cat-kozmetika-2","8":"product_cat-zastita-koze-268","10":"first","11":"instock","12":"shipping-taxable","13":"purchasable","14":"product-type-simple"},"_links":{"self":[{"href":"https:\/\/singuli.wpress.me\/index.php\/wp-json\/wp\/v2\/product\/45663","targetHints":{"allow":["GET"]}}],"collection":[{"href":"https:\/\/singuli.wpress.me\/index.php\/wp-json\/wp\/v2\/product"}],"about":[{"href":"https:\/\/singuli.wpress.me\/index.php\/wp-json\/wp\/v2\/types\/product"}],"version-history":[{"count":0,"href":"https:\/\/singuli.wpress.me\/index.php\/wp-json\/wp\/v2\/product\/45663\/revisions"}],"wp:featuredmedia":[{"embeddable":true,"href":"https:\/\/singuli.wpress.me\/index.php\/wp-json\/wp\/v2\/media\/45664"}],"wp:attachment":[{"href":"https:\/\/singuli.wpress.me\/index.php\/wp-json\/wp\/v2\/media?parent=45663"}],"wp:term":[{"taxonomy":"product_brand","embeddable":true,"href":"https:\/\/singuli.wpress.me\/index.php\/wp-json\/wp\/v2\/product_brand?post=45663"},{"taxonomy":"product_cat","embeddable":true,"href":"https:\/\/singuli.wpress.me\/index.php\/wp-json\/wp\/v2\/product_cat?post=45663"},{"taxonomy":"product_tag","embeddable":true,"href":"https:\/\/singuli.wpress.me\/index.php\/wp-json\/wp\/v2\/product_tag?post=45663"}],"curies":[{"name":"wp","href":"https:\/\/api.w.org\/{rel}","templated":true}]}}