{"id":45665,"date":"2026-04-20T12:42:12","date_gmt":"2026-04-20T12:42:12","guid":{"rendered":"https:\/\/singuli.wpress.me\/index.php\/proizvod\/ariel-sensitive-skin-tekuci-deterdzent-za-pranje-rublja-3-3l-60-pranja\/"},"modified":"2026-04-20T12:42:12","modified_gmt":"2026-04-20T12:42:12","slug":"ariel-sensitive-skin-tekuci-deterdzent-za-pranje-rublja-3-3l-60-pranja","status":"publish","type":"product","link":"https:\/\/singuli.wpress.me\/index.php\/proizvod\/ariel-sensitive-skin-tekuci-deterdzent-za-pranje-rublja-3-3l-60-pranja\/","title":{"rendered":"ARIEL Sensitive Skin, teku\u0107i deterd\u017eent za pranje rublja, 3.3l, 60\u00a0pranja"},"content":{"rendered":"<p>Zahvaljuju\u0107i blagoj i nje\u017enoj formuli, teku\u0107i deterd\u017eent za pranje rublja Ariel Sensitive Skin idealno je rje\u0161enje za dubinsko \u010di\u0161\u0107enje odje\u0107e va\u0161e obitelji, ako imate osjetljivu ko\u017eu. <\/p>\n<p>Dermatolo\u0161ki ispitana formula koju je odobrio ECARF sadr\u017ei 0% bojila, a miris je posebno kreiran kako bi imao ni\u017eu razinu alergena. Kako bismo pru\u017eili na\u0161u najbolju za\u0161titu, formula \u010duva meko\u0107u odje\u0107e koja dolazi u dodir s osjetljivom ko\u017eom. <\/p>\n<p>Me\u0111utim, premda je nje\u017ena prema ko\u017ei, iznimno je nemilosrdna prema mrljama: teku\u0107i deterd\u017eent Ariel Sensitive Skin va\u0161em rublju pru\u017ea iznimnu Arielovu \u010disto\u0107u, \u010dak i na ni\u017eim temperaturama. <\/p>\n<p>Teku\u0107i Ariel dolazi u pakiranju koje se mo\u017ee reciklirati. Za najbolje rezultate \u010dep s deterd\u017eentom stavite izravno u bubanj perilice rublja.<\/p>\n","protected":false},"excerpt":{"rendered":"<p>Iznimna \u010disto\u0107a \u010dak i pri ni\u017eim temperaturama pranja<br \/>\nNajnje\u017enija formula za osjetljivu ko\u017eu<br \/>\nDermatolo\u0161ki ispitan, s certifikatom Europskog centra za istra\u017eivanje alergija (ECARF)<\/p>\n","protected":false},"featured_media":45666,"template":"","meta":{"_seopress_robots_primary_cat":"","_seopress_titles_title":"","_seopress_titles_desc":"","_seopress_robots_index":"","iawp_total_views":0},"product_brand":[427],"product_cat":[283,238],"product_tag":[],"class_list":{"0":"post-45665","1":"product","2":"type-product","3":"status-publish","4":"has-post-thumbnail","6":"product_brand-ariel","7":"product_cat-pranje-rublja-238","8":"product_cat-sve-za-dom","10":"first","11":"outofstock","12":"shipping-taxable","13":"purchasable","14":"product-type-simple"},"_links":{"self":[{"href":"https:\/\/singuli.wpress.me\/index.php\/wp-json\/wp\/v2\/product\/45665","targetHints":{"allow":["GET"]}}],"collection":[{"href":"https:\/\/singuli.wpress.me\/index.php\/wp-json\/wp\/v2\/product"}],"about":[{"href":"https:\/\/singuli.wpress.me\/index.php\/wp-json\/wp\/v2\/types\/product"}],"version-history":[{"count":0,"href":"https:\/\/singuli.wpress.me\/index.php\/wp-json\/wp\/v2\/product\/45665\/revisions"}],"wp:featuredmedia":[{"embeddable":true,"href":"https:\/\/singuli.wpress.me\/index.php\/wp-json\/wp\/v2\/media\/45666"}],"wp:attachment":[{"href":"https:\/\/singuli.wpress.me\/index.php\/wp-json\/wp\/v2\/media?parent=45665"}],"wp:term":[{"taxonomy":"product_brand","embeddable":true,"href":"https:\/\/singuli.wpress.me\/index.php\/wp-json\/wp\/v2\/product_brand?post=45665"},{"taxonomy":"product_cat","embeddable":true,"href":"https:\/\/singuli.wpress.me\/index.php\/wp-json\/wp\/v2\/product_cat?post=45665"},{"taxonomy":"product_tag","embeddable":true,"href":"https:\/\/singuli.wpress.me\/index.php\/wp-json\/wp\/v2\/product_tag?post=45665"}],"curies":[{"name":"wp","href":"https:\/\/api.w.org\/{rel}","templated":true}]}}