{"id":45669,"date":"2026-04-20T12:42:14","date_gmt":"2026-04-20T12:42:14","guid":{"rendered":"https:\/\/singuli.wpress.me\/index.php\/proizvod\/naturella-ultra-normal-higijenski-ulosci-40-kom-2\/"},"modified":"2026-04-20T12:42:14","modified_gmt":"2026-04-20T12:42:14","slug":"naturella-ultra-normal-higijenski-ulosci-40-kom-2","status":"publish","type":"product","link":"https:\/\/singuli.wpress.me\/index.php\/proizvod\/naturella-ultra-normal-higijenski-ulosci-40-kom-2\/","title":{"rendered":"NATURELLA Ultra Normal, higijenski ulo\u0161ci, 40\u00a0kom"},"content":{"rendered":"<p>Higijenski ulo\u0161ci Naturella Ultra pru\u017eaju vam pobolj\u0161an spoj za\u0161tite i nje\u017enosti te njeguju ko\u017eu va\u0161ih intimnih podru\u010dja.<\/p>\n","protected":false},"excerpt":{"rendered":"<p>Poma\u017eu blokirati neugodne mirise<br \/>\nNje\u017eni su za ko\u017eu i sadr\u017ee losion koji poma\u017ee za\u0161tititi ko\u017eu od iritacija<br \/>\nMekani i nje\u017eni, prilago\u0111avaju se tijelu<\/p>\n","protected":false},"featured_media":45670,"template":"","meta":{"_seopress_robots_primary_cat":"","_seopress_titles_title":"","_seopress_titles_desc":"","_seopress_robots_index":"","iawp_total_views":0},"product_brand":[438],"product_cat":[211,288],"product_tag":[],"class_list":{"0":"post-45669","1":"product","2":"type-product","3":"status-publish","4":"has-post-thumbnail","6":"product_brand-naturella","7":"product_cat-njega-majke-i-djeteta","8":"product_cat-zenska-higijena-211","10":"first","11":"outofstock","12":"shipping-taxable","13":"purchasable","14":"product-type-simple"},"_links":{"self":[{"href":"https:\/\/singuli.wpress.me\/index.php\/wp-json\/wp\/v2\/product\/45669","targetHints":{"allow":["GET"]}}],"collection":[{"href":"https:\/\/singuli.wpress.me\/index.php\/wp-json\/wp\/v2\/product"}],"about":[{"href":"https:\/\/singuli.wpress.me\/index.php\/wp-json\/wp\/v2\/types\/product"}],"version-history":[{"count":0,"href":"https:\/\/singuli.wpress.me\/index.php\/wp-json\/wp\/v2\/product\/45669\/revisions"}],"wp:featuredmedia":[{"embeddable":true,"href":"https:\/\/singuli.wpress.me\/index.php\/wp-json\/wp\/v2\/media\/45670"}],"wp:attachment":[{"href":"https:\/\/singuli.wpress.me\/index.php\/wp-json\/wp\/v2\/media?parent=45669"}],"wp:term":[{"taxonomy":"product_brand","embeddable":true,"href":"https:\/\/singuli.wpress.me\/index.php\/wp-json\/wp\/v2\/product_brand?post=45669"},{"taxonomy":"product_cat","embeddable":true,"href":"https:\/\/singuli.wpress.me\/index.php\/wp-json\/wp\/v2\/product_cat?post=45669"},{"taxonomy":"product_tag","embeddable":true,"href":"https:\/\/singuli.wpress.me\/index.php\/wp-json\/wp\/v2\/product_tag?post=45669"}],"curies":[{"name":"wp","href":"https:\/\/api.w.org\/{rel}","templated":true}]}}