{"id":45673,"date":"2026-04-20T12:42:15","date_gmt":"2026-04-20T12:42:15","guid":{"rendered":"https:\/\/singuli.wpress.me\/index.php\/proizvod\/kookyloos-milin-spa-centar\/"},"modified":"2026-04-21T00:27:31","modified_gmt":"2026-04-21T00:27:31","slug":"kookyloos-milin-spa-centar","status":"publish","type":"product","link":"https:\/\/singuli.wpress.me\/index.php\/proizvod\/kookyloos-milin-spa-centar\/","title":{"rendered":"KOOKYLOOS, Milin spa centar"},"content":{"rendered":"<p><span style=\"font-weight: bold\">U\u017eivaj u opu\u0161tanju sa Milom u Spa centru! <\/span>Neka Mila u\u017eiva u svojoj maski za lice kao i pranju kose!<\/p>\n<p>Upotrijebi dodatke da Mila do\u017eivi jedinstven dan opu\u0161tanja a kad zavr\u0161ite &#8211; pospremi sve u prakti\u010dni kofer i ponesi gdje god po\u017eeli\u0161!<\/p>\n<p>Preporu\u010dena dob: 3+<\/p>\n","protected":false},"excerpt":{"rendered":"<p>Zabavna dru\u0161tvena igra<br \/>\nU kutiji dolazi lutkica s dodacima<br \/>\nDob: 3+<\/p>\n","protected":false},"featured_media":45674,"template":"","meta":{"_seopress_robots_primary_cat":"","_seopress_titles_title":"","_seopress_titles_desc":"","_seopress_robots_index":"","iawp_total_views":0},"product_brand":[533],"product_cat":[221,291],"product_tag":[],"class_list":{"0":"post-45673","1":"product","2":"type-product","3":"status-publish","4":"has-post-thumbnail","6":"product_brand-kookyloos","7":"product_cat-igracke","8":"product_cat-igracke-za-djecu-221","10":"first","11":"instock","12":"shipping-taxable","13":"purchasable","14":"product-type-simple"},"_links":{"self":[{"href":"https:\/\/singuli.wpress.me\/index.php\/wp-json\/wp\/v2\/product\/45673","targetHints":{"allow":["GET"]}}],"collection":[{"href":"https:\/\/singuli.wpress.me\/index.php\/wp-json\/wp\/v2\/product"}],"about":[{"href":"https:\/\/singuli.wpress.me\/index.php\/wp-json\/wp\/v2\/types\/product"}],"version-history":[{"count":0,"href":"https:\/\/singuli.wpress.me\/index.php\/wp-json\/wp\/v2\/product\/45673\/revisions"}],"wp:featuredmedia":[{"embeddable":true,"href":"https:\/\/singuli.wpress.me\/index.php\/wp-json\/wp\/v2\/media\/45674"}],"wp:attachment":[{"href":"https:\/\/singuli.wpress.me\/index.php\/wp-json\/wp\/v2\/media?parent=45673"}],"wp:term":[{"taxonomy":"product_brand","embeddable":true,"href":"https:\/\/singuli.wpress.me\/index.php\/wp-json\/wp\/v2\/product_brand?post=45673"},{"taxonomy":"product_cat","embeddable":true,"href":"https:\/\/singuli.wpress.me\/index.php\/wp-json\/wp\/v2\/product_cat?post=45673"},{"taxonomy":"product_tag","embeddable":true,"href":"https:\/\/singuli.wpress.me\/index.php\/wp-json\/wp\/v2\/product_tag?post=45673"}],"curies":[{"name":"wp","href":"https:\/\/api.w.org\/{rel}","templated":true}]}}