{"id":45682,"date":"2026-04-20T12:42:21","date_gmt":"2026-04-20T12:42:21","guid":{"rendered":"https:\/\/singuli.wpress.me\/index.php\/proizvod\/domo-do9135g-multi-rostilj\/"},"modified":"2026-04-20T12:42:21","modified_gmt":"2026-04-20T12:42:21","slug":"domo-do9135g-multi-rostilj","status":"publish","type":"product","link":"https:\/\/singuli.wpress.me\/index.php\/proizvod\/domo-do9135g-multi-rostilj\/","title":{"rendered":"DOMO DO9135G Multi, ro\u0161tilj"},"content":{"rendered":"<p>Ro\u0161tilj DO9135G Multi, odli\u010dan za pe\u010denje sendvi\u010da, mesa, ribe i povr\u0107a<br \/>\nVisokokvalitetni neljepljivi teflonski premaz<br \/>\nPodesivi poklopac koji se automatski prilago\u0111ava veli\u010dini namirnica<br \/>\nNapravljen od nehr\u0111aju\u0107eg \u010delika<br \/>\nPodesivi termostat<br \/>\nPosuda za uklanjanje vi\u0161ka masno\u0107e<br \/>\nSigurnosna brava za sigurno i jednostavno skladi\u0161tenje<br \/>\nUklju\u010duje prakti\u010dan dodatak za \u010di\u0161\u0107enje ro\u0161tilja<br \/>\nSnaga: 2000 W<\/p>\n","protected":false},"excerpt":{"rendered":"<p>Visokokvalitetni neljepljivi teflonski premaz<br \/>\nPosuda za uklanjanje vi\u0161ka masno\u0107e<br \/>\nSigurnosna brava za sigurno i jednostavno skladi\u0161tenje<\/p>\n","protected":false},"featured_media":45683,"template":"","meta":{"_seopress_robots_primary_cat":"","_seopress_titles_title":"","_seopress_titles_desc":"","_seopress_robots_index":"","iawp_total_views":0},"product_brand":[255],"product_cat":[192,267],"product_tag":[],"class_list":{"0":"post-45682","1":"product","2":"type-product","3":"status-publish","4":"has-post-thumbnail","6":"product_brand-domo","7":"product_cat-aparati-za-osobnu-njegu","8":"product_cat-zdravstveni-uredaji-192","10":"first","11":"instock","12":"shipping-taxable","13":"purchasable","14":"product-type-simple"},"_links":{"self":[{"href":"https:\/\/singuli.wpress.me\/index.php\/wp-json\/wp\/v2\/product\/45682","targetHints":{"allow":["GET"]}}],"collection":[{"href":"https:\/\/singuli.wpress.me\/index.php\/wp-json\/wp\/v2\/product"}],"about":[{"href":"https:\/\/singuli.wpress.me\/index.php\/wp-json\/wp\/v2\/types\/product"}],"version-history":[{"count":0,"href":"https:\/\/singuli.wpress.me\/index.php\/wp-json\/wp\/v2\/product\/45682\/revisions"}],"wp:featuredmedia":[{"embeddable":true,"href":"https:\/\/singuli.wpress.me\/index.php\/wp-json\/wp\/v2\/media\/45683"}],"wp:attachment":[{"href":"https:\/\/singuli.wpress.me\/index.php\/wp-json\/wp\/v2\/media?parent=45682"}],"wp:term":[{"taxonomy":"product_brand","embeddable":true,"href":"https:\/\/singuli.wpress.me\/index.php\/wp-json\/wp\/v2\/product_brand?post=45682"},{"taxonomy":"product_cat","embeddable":true,"href":"https:\/\/singuli.wpress.me\/index.php\/wp-json\/wp\/v2\/product_cat?post=45682"},{"taxonomy":"product_tag","embeddable":true,"href":"https:\/\/singuli.wpress.me\/index.php\/wp-json\/wp\/v2\/product_tag?post=45682"}],"curies":[{"name":"wp","href":"https:\/\/api.w.org\/{rel}","templated":true}]}}