{"id":45701,"date":"2026-04-20T12:42:30","date_gmt":"2026-04-20T12:42:30","guid":{"rendered":"https:\/\/singuli.wpress.me\/index.php\/proizvod\/telemach-start-paket-sim2go-20\/"},"modified":"2026-04-21T00:27:31","modified_gmt":"2026-04-21T00:27:31","slug":"telemach-start-paket-sim2go-20","status":"publish","type":"product","link":"https:\/\/singuli.wpress.me\/index.php\/proizvod\/telemach-start-paket-sim2go-20\/","title":{"rendered":"TELEMACH, start paket, Sim2Go 20"},"content":{"rendered":"<p>SIM kartica s novim brojem koja za svega 20 kn omogu\u0107ava ugodan i bezbri\u017ean po\u010detak kori\u0161tenja Telemach usluge.<\/p>\n<p><span style=\"font-weight: bold\">Uklju\u010deno:<\/span><br \/>\n20 kn na ra\u010dunu za pozive, SMS-ove,<br \/>\n1 GB prometa<br \/>\nTrajanje\u00a030 dana<\/p>\n<p>\nTelemach jedini na tr\u017ei\u0161tu daje uz 20 kn na ra\u010dunu daje i 1 GB prometa!<\/p>\n","protected":false},"excerpt":{"rendered":"<p>20 kn na ra\u010dunu za pozive i SMS-ove<br \/>\n1 GB prometa<br \/>\nTrajanje 30 dana<\/p>\n","protected":false},"featured_media":45702,"template":"","meta":{"_seopress_robots_primary_cat":"","_seopress_titles_title":"","_seopress_titles_desc":"","_seopress_robots_index":"","iawp_total_views":0},"product_brand":[476],"product_cat":[274,238],"product_tag":[],"class_list":{"0":"post-45701","1":"product","2":"type-product","3":"status-publish","4":"has-post-thumbnail","6":"product_brand-telemach","7":"product_cat-kucanski-pribor-238","8":"product_cat-sve-za-dom","10":"first","11":"instock","12":"shipping-taxable","13":"purchasable","14":"product-type-simple"},"_links":{"self":[{"href":"https:\/\/singuli.wpress.me\/index.php\/wp-json\/wp\/v2\/product\/45701","targetHints":{"allow":["GET"]}}],"collection":[{"href":"https:\/\/singuli.wpress.me\/index.php\/wp-json\/wp\/v2\/product"}],"about":[{"href":"https:\/\/singuli.wpress.me\/index.php\/wp-json\/wp\/v2\/types\/product"}],"version-history":[{"count":0,"href":"https:\/\/singuli.wpress.me\/index.php\/wp-json\/wp\/v2\/product\/45701\/revisions"}],"wp:featuredmedia":[{"embeddable":true,"href":"https:\/\/singuli.wpress.me\/index.php\/wp-json\/wp\/v2\/media\/45702"}],"wp:attachment":[{"href":"https:\/\/singuli.wpress.me\/index.php\/wp-json\/wp\/v2\/media?parent=45701"}],"wp:term":[{"taxonomy":"product_brand","embeddable":true,"href":"https:\/\/singuli.wpress.me\/index.php\/wp-json\/wp\/v2\/product_brand?post=45701"},{"taxonomy":"product_cat","embeddable":true,"href":"https:\/\/singuli.wpress.me\/index.php\/wp-json\/wp\/v2\/product_cat?post=45701"},{"taxonomy":"product_tag","embeddable":true,"href":"https:\/\/singuli.wpress.me\/index.php\/wp-json\/wp\/v2\/product_tag?post=45701"}],"curies":[{"name":"wp","href":"https:\/\/api.w.org\/{rel}","templated":true}]}}