{"id":45703,"date":"2026-04-20T12:42:30","date_gmt":"2026-04-20T12:42:30","guid":{"rendered":"https:\/\/singuli.wpress.me\/index.php\/proizvod\/ariel-complete-fiber-protection-tekuci-deterdzent-za-pranje-rublja-1-7l-34-pranja\/"},"modified":"2026-04-20T12:42:30","modified_gmt":"2026-04-20T12:42:30","slug":"ariel-complete-fiber-protection-tekuci-deterdzent-za-pranje-rublja-1-7l-34-pranja","status":"publish","type":"product","link":"https:\/\/singuli.wpress.me\/index.php\/proizvod\/ariel-complete-fiber-protection-tekuci-deterdzent-za-pranje-rublja-1-7l-34-pranja\/","title":{"rendered":"ARIEL +Complete Fiber Protection, teku\u0107i deterd\u017eent za pranje rublja, 1.7l, 34\u00a0pranja"},"content":{"rendered":"<p>Ariel, marka koju preporu\u010duju Whirlpool, Beko, Electrolux i Candy, predstavlja <span style=\"font-weight: bold\">teku\u0107i deterd\u017eent za pranje rublja Ariel +Complete Fiber Protection<\/span>. Obnavlja sjaj boja i ima posebno osmi\u0161ljenu formulu s tehnologijom obnavljanja vlakana. Nadalje, teku\u0107i deterd\u017eent Ariel +Complete Fiber Protection osigurava besprijekorne rezultate, \u010dak i na ni\u017eim temperaturama. Njegova formula, s tehnologijom COLD BOOST, posebno je osmi\u0161ljena za pranje na ni\u017eim temperaturama. Perite rublje na ni\u017eim temperaturama Arielovim teku\u0107im deterd\u017eentom: u\u0161tedite energiju pri svakom pranju i pritom smanjite emisiju CO\u2082. <\/p>\n<p>Usto, teku\u0107i deterd\u017eent Ariel sadr\u017ei 80 % sastojaka organskog podrijetla koji su biorazgradivi i dolazi u pakiranju koje se mo\u017ee 100 % reciklirati. Tvrdokorne mrlje prije pranja tretirajte teku\u0107im deterd\u017eentom Ariel +Extra Complete Fiber Protection i njegovim zelenim \u010depom, a zatim operite rublje u perilici. <\/p>\n<p>Za najbolje rezultate \u010dep s deterd\u017eentom stavite izravno u bubanj perilice rublja. Iz ekolo\u0161kih razloga na neke boce ne stavljamo \u010dep s mjericom. Takav je \u010dep besplatno dostupan na internetskoj stranici ariel.info.<\/p>\n","protected":false},"excerpt":{"rendered":"<p>Dubinsko \u010di\u0161\u0107enje, dodatna njega i obnavljanje blistavosti boja<br \/>\nPosebno osmi\u0161ljena tehnologija obnavljanja vlakana<br \/>\nPreporu\u010dena marka deterd\u017eenta<\/p>\n","protected":false},"featured_media":45704,"template":"","meta":{"_seopress_robots_primary_cat":"","_seopress_titles_title":"","_seopress_titles_desc":"","_seopress_robots_index":"","iawp_total_views":0},"product_brand":[427],"product_cat":[283,238],"product_tag":[],"class_list":{"0":"post-45703","1":"product","2":"type-product","3":"status-publish","4":"has-post-thumbnail","6":"product_brand-ariel","7":"product_cat-pranje-rublja-238","8":"product_cat-sve-za-dom","10":"first","11":"outofstock","12":"shipping-taxable","13":"purchasable","14":"product-type-simple"},"_links":{"self":[{"href":"https:\/\/singuli.wpress.me\/index.php\/wp-json\/wp\/v2\/product\/45703","targetHints":{"allow":["GET"]}}],"collection":[{"href":"https:\/\/singuli.wpress.me\/index.php\/wp-json\/wp\/v2\/product"}],"about":[{"href":"https:\/\/singuli.wpress.me\/index.php\/wp-json\/wp\/v2\/types\/product"}],"version-history":[{"count":0,"href":"https:\/\/singuli.wpress.me\/index.php\/wp-json\/wp\/v2\/product\/45703\/revisions"}],"wp:featuredmedia":[{"embeddable":true,"href":"https:\/\/singuli.wpress.me\/index.php\/wp-json\/wp\/v2\/media\/45704"}],"wp:attachment":[{"href":"https:\/\/singuli.wpress.me\/index.php\/wp-json\/wp\/v2\/media?parent=45703"}],"wp:term":[{"taxonomy":"product_brand","embeddable":true,"href":"https:\/\/singuli.wpress.me\/index.php\/wp-json\/wp\/v2\/product_brand?post=45703"},{"taxonomy":"product_cat","embeddable":true,"href":"https:\/\/singuli.wpress.me\/index.php\/wp-json\/wp\/v2\/product_cat?post=45703"},{"taxonomy":"product_tag","embeddable":true,"href":"https:\/\/singuli.wpress.me\/index.php\/wp-json\/wp\/v2\/product_tag?post=45703"}],"curies":[{"name":"wp","href":"https:\/\/api.w.org\/{rel}","templated":true}]}}