{"id":45708,"date":"2026-04-20T12:42:32","date_gmt":"2026-04-20T12:42:32","guid":{"rendered":"https:\/\/singuli.wpress.me\/index.php\/proizvod\/domo-do9220ib-ledomat\/"},"modified":"2026-04-20T12:42:32","modified_gmt":"2026-04-20T12:42:32","slug":"domo-do9220ib-ledomat","status":"publish","type":"product","link":"https:\/\/singuli.wpress.me\/index.php\/proizvod\/domo-do9220ib-ledomat\/","title":{"rendered":"DOMO DO9220IB, ledomat"},"content":{"rendered":"<p>Domo ledomat osigurat \u0107e brzu pripremu kocki leda kako biste osvje\u017eili svoje pi\u0107e u vru\u0107im ljetnim mjesecima.<\/p>\n","protected":false},"excerpt":{"rendered":"<p>Pravi 9 kockica leda u ciklusu od 8 minuta<br \/>\n12 kg leda u 24 sata<br \/>\nKapacitet spremnika vode: 1,5 l<\/p>\n","protected":false},"featured_media":45709,"template":"","meta":{"_seopress_robots_primary_cat":"","_seopress_titles_title":"","_seopress_titles_desc":"","_seopress_robots_index":"","iawp_total_views":0},"product_brand":[255],"product_cat":[192,267],"product_tag":[],"class_list":{"0":"post-45708","1":"product","2":"type-product","3":"status-publish","4":"has-post-thumbnail","6":"product_brand-domo","7":"product_cat-aparati-za-osobnu-njegu","8":"product_cat-zdravstveni-uredaji-192","10":"first","11":"outofstock","12":"shipping-taxable","13":"purchasable","14":"product-type-simple"},"_links":{"self":[{"href":"https:\/\/singuli.wpress.me\/index.php\/wp-json\/wp\/v2\/product\/45708","targetHints":{"allow":["GET"]}}],"collection":[{"href":"https:\/\/singuli.wpress.me\/index.php\/wp-json\/wp\/v2\/product"}],"about":[{"href":"https:\/\/singuli.wpress.me\/index.php\/wp-json\/wp\/v2\/types\/product"}],"version-history":[{"count":0,"href":"https:\/\/singuli.wpress.me\/index.php\/wp-json\/wp\/v2\/product\/45708\/revisions"}],"wp:featuredmedia":[{"embeddable":true,"href":"https:\/\/singuli.wpress.me\/index.php\/wp-json\/wp\/v2\/media\/45709"}],"wp:attachment":[{"href":"https:\/\/singuli.wpress.me\/index.php\/wp-json\/wp\/v2\/media?parent=45708"}],"wp:term":[{"taxonomy":"product_brand","embeddable":true,"href":"https:\/\/singuli.wpress.me\/index.php\/wp-json\/wp\/v2\/product_brand?post=45708"},{"taxonomy":"product_cat","embeddable":true,"href":"https:\/\/singuli.wpress.me\/index.php\/wp-json\/wp\/v2\/product_cat?post=45708"},{"taxonomy":"product_tag","embeddable":true,"href":"https:\/\/singuli.wpress.me\/index.php\/wp-json\/wp\/v2\/product_tag?post=45708"}],"curies":[{"name":"wp","href":"https:\/\/api.w.org\/{rel}","templated":true}]}}