{"id":45714,"date":"2026-04-20T12:42:34","date_gmt":"2026-04-20T12:42:34","guid":{"rendered":"https:\/\/singuli.wpress.me\/index.php\/proizvod\/tuban-veliki-set-za-mjehurice-prsten-400-ml-tekucine\/"},"modified":"2026-04-20T12:42:34","modified_gmt":"2026-04-20T12:42:34","slug":"tuban-veliki-set-za-mjehurice-prsten-400-ml-tekucine","status":"publish","type":"product","link":"https:\/\/singuli.wpress.me\/index.php\/proizvod\/tuban-veliki-set-za-mjehurice-prsten-400-ml-tekucine\/","title":{"rendered":"TUBAN, veliki set za mjehuri\u0107e, prsten + 400 ml teku\u0107ine"},"content":{"rendered":"<p>Uz malo teku\u0107ine do super balona!<\/p>\n<p>Uz poseban dodatak poput prstena \u2013 kreiraj manje i ve\u0107e balone uz posebnu teku\u0107inu za velike balone.<\/p>\n<p>Zabava za sve \u2013 bilo u lijeno poslijepodne ili na ro\u0111endanskoj zabavi.<\/p>\n<p>Pogodno i za najmla\u0111e. <\/p>\n","protected":false},"excerpt":{"rendered":"<p>Uz prsten kreiraj manje i ve\u0107e balone uz posebnu teku\u0107inu za velike balone<br \/>\nUz set dolazi 400 ml teku\u0107ine za mjehuri\u0107e<br \/>\nPogodno i za najmla\u0111e<\/p>\n","protected":false},"featured_media":45715,"template":"","meta":{"_seopress_robots_primary_cat":"","_seopress_titles_title":"","_seopress_titles_desc":"","_seopress_robots_index":"","iawp_total_views":0},"product_brand":[492],"product_cat":[274,238],"product_tag":[],"class_list":{"0":"post-45714","1":"product","2":"type-product","3":"status-publish","4":"has-post-thumbnail","6":"product_brand-tuban","7":"product_cat-kucanski-pribor-238","8":"product_cat-sve-za-dom","10":"first","11":"outofstock","12":"shipping-taxable","13":"purchasable","14":"product-type-simple"},"_links":{"self":[{"href":"https:\/\/singuli.wpress.me\/index.php\/wp-json\/wp\/v2\/product\/45714","targetHints":{"allow":["GET"]}}],"collection":[{"href":"https:\/\/singuli.wpress.me\/index.php\/wp-json\/wp\/v2\/product"}],"about":[{"href":"https:\/\/singuli.wpress.me\/index.php\/wp-json\/wp\/v2\/types\/product"}],"version-history":[{"count":0,"href":"https:\/\/singuli.wpress.me\/index.php\/wp-json\/wp\/v2\/product\/45714\/revisions"}],"wp:featuredmedia":[{"embeddable":true,"href":"https:\/\/singuli.wpress.me\/index.php\/wp-json\/wp\/v2\/media\/45715"}],"wp:attachment":[{"href":"https:\/\/singuli.wpress.me\/index.php\/wp-json\/wp\/v2\/media?parent=45714"}],"wp:term":[{"taxonomy":"product_brand","embeddable":true,"href":"https:\/\/singuli.wpress.me\/index.php\/wp-json\/wp\/v2\/product_brand?post=45714"},{"taxonomy":"product_cat","embeddable":true,"href":"https:\/\/singuli.wpress.me\/index.php\/wp-json\/wp\/v2\/product_cat?post=45714"},{"taxonomy":"product_tag","embeddable":true,"href":"https:\/\/singuli.wpress.me\/index.php\/wp-json\/wp\/v2\/product_tag?post=45714"}],"curies":[{"name":"wp","href":"https:\/\/api.w.org\/{rel}","templated":true}]}}