{"id":45722,"date":"2026-04-20T12:42:37","date_gmt":"2026-04-20T12:42:37","guid":{"rendered":"https:\/\/singuli.wpress.me\/index.php\/proizvod\/wellaflex-fullness-for-thin-hair-lak-za-kosu-250-ml\/"},"modified":"2026-04-20T12:42:37","modified_gmt":"2026-04-20T12:42:37","slug":"wellaflex-fullness-for-thin-hair-lak-za-kosu-250-ml","status":"publish","type":"product","link":"https:\/\/singuli.wpress.me\/index.php\/proizvod\/wellaflex-fullness-for-thin-hair-lak-za-kosu-250-ml\/","title":{"rendered":"WELLAFLEX Fullness For Thin Hair , lak za kosu, 250\u00a0ml"},"content":{"rendered":"<p>Lak za kosu Wella Wellaflex Fullness For Thin Hair fiksirat \u0107e va\u0161u frizuru na dulje vrijeme, te \u0107e tako osigurati maksimalnu kontrolu nad va\u0161om kosom.<\/p>\n<p>Ekstra jaka fiksacija, kosa odmah dobija na volumenu, \u010duva elasti\u010dnost i ne sputava kosu.<br \/>\nNa\u010din upotrebe: Prije uporabe dobro protresite. Naprskajte na suhu kosu s udaljenosti od 20\u201330 cm. Za dosezanje maksimalnog volumena naprskajte izravno na korijen.<\/p>\n","protected":false},"excerpt":{"rendered":"<p>Ekstra jaka fiksacija<br \/>\nKosa odmah dobiva na volumenu<br \/>\n\u010cuva elasti\u010dnost<\/p>\n","protected":false},"featured_media":45723,"template":"","meta":{"_seopress_robots_primary_cat":"","_seopress_titles_title":"","_seopress_titles_desc":"","_seopress_robots_index":"","iawp_total_views":0},"product_brand":[841],"product_cat":[268,300],"product_tag":[],"class_list":{"0":"post-45722","1":"product","2":"type-product","3":"status-publish","4":"has-post-thumbnail","6":"product_brand-wellaflex","7":"product_cat-kozmetika-2","8":"product_cat-njega-kose-268","10":"first","11":"outofstock","12":"shipping-taxable","13":"purchasable","14":"product-type-simple"},"_links":{"self":[{"href":"https:\/\/singuli.wpress.me\/index.php\/wp-json\/wp\/v2\/product\/45722","targetHints":{"allow":["GET"]}}],"collection":[{"href":"https:\/\/singuli.wpress.me\/index.php\/wp-json\/wp\/v2\/product"}],"about":[{"href":"https:\/\/singuli.wpress.me\/index.php\/wp-json\/wp\/v2\/types\/product"}],"version-history":[{"count":0,"href":"https:\/\/singuli.wpress.me\/index.php\/wp-json\/wp\/v2\/product\/45722\/revisions"}],"wp:featuredmedia":[{"embeddable":true,"href":"https:\/\/singuli.wpress.me\/index.php\/wp-json\/wp\/v2\/media\/45723"}],"wp:attachment":[{"href":"https:\/\/singuli.wpress.me\/index.php\/wp-json\/wp\/v2\/media?parent=45722"}],"wp:term":[{"taxonomy":"product_brand","embeddable":true,"href":"https:\/\/singuli.wpress.me\/index.php\/wp-json\/wp\/v2\/product_brand?post=45722"},{"taxonomy":"product_cat","embeddable":true,"href":"https:\/\/singuli.wpress.me\/index.php\/wp-json\/wp\/v2\/product_cat?post=45722"},{"taxonomy":"product_tag","embeddable":true,"href":"https:\/\/singuli.wpress.me\/index.php\/wp-json\/wp\/v2\/product_tag?post=45722"}],"curies":[{"name":"wp","href":"https:\/\/api.w.org\/{rel}","templated":true}]}}