{"id":45734,"date":"2026-04-20T12:42:40","date_gmt":"2026-04-20T12:42:40","guid":{"rendered":"https:\/\/singuli.wpress.me\/index.php\/proizvod\/medex-propolis-defense-apf-50-kapi-na-alkoholnoj-osnovi-30-ml\/"},"modified":"2026-04-20T12:42:40","modified_gmt":"2026-04-20T12:42:40","slug":"medex-propolis-defense-apf-50-kapi-na-alkoholnoj-osnovi-30-ml","status":"publish","type":"product","link":"https:\/\/singuli.wpress.me\/index.php\/proizvod\/medex-propolis-defense-apf-50-kapi-na-alkoholnoj-osnovi-30-ml\/","title":{"rendered":"MEDEX, Propolis defense APF 50 kapi na alkoholnoj osnovi, 30\u00a0ml"},"content":{"rendered":"<p><span style=\"font-weight: bold\">Propolis Defence APF 50 na alkoholnoj osnovi<\/span> je teku\u0107i dodatak prehrani s flavonoidima iz propolisa. Extra strong propolis  s kapaljkom. Propolis defense je tinktura propolisa na alkoholnoj osnovi sa standardiziranom visokom sadr\u017eajem flavonoida. Za ubla\u017eavanje upale grla i \u017edrijela, za za\u0161titu usne sluznice, zuba i desni. 100 % prirodan, bez konzervansa.<\/p>\n<p>Najja\u010da tinktura s propolisom na tr\u017ei\u0161tu, s dvostrukom standardizacijom. Minimalna koncentracija flavonoida propolisa je 50 mg\/ml. Preporu\u010dena dnevna doza flavonoida je 50 mg. Standardizirani propolis s APF\u00ae faktorom (aktivni propolis flavonoidi), odre\u0111ivanje koncentracije flavonoida u proizvodu. Osigurana visoka kvaliteta i ponovljiv u\u010dinak proizvoda. 100% prirodno i bez konzervansa.<\/p>\n<p>U dnevnoj dozi (1 ml) nalazi se 50 mg flavonoidi iz propolisa<\/p>\n<p><span style=\"font-weight: bold\">Na\u010din primjene:<\/span><br \/>\nPreporu\u010dena dnevna doza za odrasle i adolescente 12+ je 1 ml. Dozirajte 2 x dnevno 0,5 ml u proizvoljnu tekucinu ili nakapajte na \u017elicu meda ili \u0161ecera i progutajte. Za uporabu u usnoj \u0161upljini 2-puta dnevno dodajte 0.5 ml otopine propolisa u oko 20 ml vode,<br \/>\nispirite usta pola minute, a zatim progutajte.<\/p>\n","protected":false},"excerpt":{"rendered":"<p>Teku\u0107i dodatak prehrani s flavonoidima iz propolisa<br \/>\n100 % prirodan, bez konzervansa<br \/>\nU dnevnoj dozi (1 ml) nalazi se 50 mg flavonoidi iz propolisa<\/p>\n","protected":false},"featured_media":45735,"template":"","meta":{"_seopress_robots_primary_cat":"","_seopress_titles_title":"","_seopress_titles_desc":"","_seopress_robots_index":"","iawp_total_views":0},"product_brand":[415],"product_cat":[268,269],"product_tag":[],"class_list":{"0":"post-45734","1":"product","2":"type-product","3":"status-publish","4":"has-post-thumbnail","6":"product_brand-medex","7":"product_cat-kozmetika-2","8":"product_cat-zastita-koze-268","10":"first","11":"instock","12":"shipping-taxable","13":"purchasable","14":"product-type-simple"},"_links":{"self":[{"href":"https:\/\/singuli.wpress.me\/index.php\/wp-json\/wp\/v2\/product\/45734","targetHints":{"allow":["GET"]}}],"collection":[{"href":"https:\/\/singuli.wpress.me\/index.php\/wp-json\/wp\/v2\/product"}],"about":[{"href":"https:\/\/singuli.wpress.me\/index.php\/wp-json\/wp\/v2\/types\/product"}],"version-history":[{"count":0,"href":"https:\/\/singuli.wpress.me\/index.php\/wp-json\/wp\/v2\/product\/45734\/revisions"}],"wp:featuredmedia":[{"embeddable":true,"href":"https:\/\/singuli.wpress.me\/index.php\/wp-json\/wp\/v2\/media\/45735"}],"wp:attachment":[{"href":"https:\/\/singuli.wpress.me\/index.php\/wp-json\/wp\/v2\/media?parent=45734"}],"wp:term":[{"taxonomy":"product_brand","embeddable":true,"href":"https:\/\/singuli.wpress.me\/index.php\/wp-json\/wp\/v2\/product_brand?post=45734"},{"taxonomy":"product_cat","embeddable":true,"href":"https:\/\/singuli.wpress.me\/index.php\/wp-json\/wp\/v2\/product_cat?post=45734"},{"taxonomy":"product_tag","embeddable":true,"href":"https:\/\/singuli.wpress.me\/index.php\/wp-json\/wp\/v2\/product_tag?post=45734"}],"curies":[{"name":"wp","href":"https:\/\/api.w.org\/{rel}","templated":true}]}}