{"id":45740,"date":"2026-04-21T00:27:31","date_gmt":"2026-04-21T00:27:31","guid":{"rendered":"https:\/\/singuli.wpress.me\/index.php\/proizvod\/chewy-vites-kids-multi-vit-advance-gumeni-bomboni-60-kom\/"},"modified":"2026-04-21T00:27:31","modified_gmt":"2026-04-21T00:27:31","slug":"chewy-vites-kids-multi-vit-advance-gumeni-bomboni-60-kom","status":"publish","type":"product","link":"https:\/\/singuli.wpress.me\/index.php\/proizvod\/chewy-vites-kids-multi-vit-advance-gumeni-bomboni-60-kom\/","title":{"rendered":"CHEWY VITES Kids Multi-Vit Advance, gumeni bomboni, 60\u00a0kom"},"content":{"rendered":"<p>Chewy Vites Kids MULTI-VIT ADVANCE, gumeni bomboni za \u017evakanje, za djecu stariju od 3 godine dodatak prehrani. Sadr\u017ei vitamin D koji pridonosi normalnoj funkciji imunolo\u0161kog sustava u djece, te jod koji je potreban za normalan rast djece. <\/p>\n<p>Vitamini su posebno formulirani u mekanu poslasticu za \u017evakanje, \u010dine\u0107i ih zabavnima i finima za djecu. Svaki Chewy Vites Multi-vit advance bombon sadr\u017ei 11 esencijalnih vitamina i minerala: vitamine A, D, E, C, niacin, vitamin B6, folna kiselina, vitamin B12, biotin, pantotenska kiselina i jod. U pakiranju dolazi 60 bombona za \u017evakanje.<\/p>\n<p>NA\u010cIN PRIMJENE:<br \/>\nPreporu\u010dena dnevna koli\u010dina za djecu stariju od 3 godine je 1 gumeni bombon, sa\u017evakati uz obrok (ne na prazan \u017eeludac) pod nadzorom odrasle osobe. Proizvod mogu konzumirati i odrasle osobe.<\/p>\n<p>KLJU\u010cNE INFORMACIJE:<br \/>\n&#8211; Sadr\u017ei 11 esencijalnih vitamina i minerala: vitamin A, B6, B12, C, D, E, folna kiselina, niacin, biotin, pantotenska kiselina, jod<br \/>\n&#8211; Ukusni gumeni bomboni s okusom \u0161umskog vo\u0107a npravljni s pravim voo\u0107nim sokom.<br \/>\n&#8211; Optimalna dnevna doza!  Sadr\u017ei 100 % preporu\u010denog dnevnog unosa vitamina D, A, E, B12, folne kiseline i biotina.<br \/>\n&#8211; Prikladno za vegane i vegetarijance.<br \/>\n&#8211; Bez umjetnih boja, aroma, sladila, konzervansa, bez GMO-a i bez glutena. Samo jedan na dan, pakiranje dovoljno za dva mjeseca. Prikladno za djecu iznad 3. godine!<br \/>\n&#8211; JEDAN NA DAN: zaliha za 2 mjeseca<br \/>\n&#8211; DOB 3 I VE\u0106E: prikladno za djecu od 3 godine navi\u0161e<\/p>\n<p>KOLI\u010cINE U DNEVNOJ DOZI:<br \/>\nSastojci u preporu\u010denoj dnevnoj dozi (= 1 gumeni bombon):<br \/>\nVitamin A 800 \u00b5g 100% PU<br \/>\nVitamin D 5 \u00b5g 100% PU<br \/>\nVitamin E 12 mg 100% PU<br \/>\nVitamin C 20 mg 25% PU<br \/>\nNiacin 4 mg 25% PU<br \/>\nVitamin B6 0,7 mg 50% PU<br \/>\nFolna kiselina 200 \u00b5g 100% PU<br \/>\nVitamin B12 2,5 \u00b5g 100% PU<br \/>\nBiotin 50 \u00b5g 100% PU<br \/>\nPantotenska kiselina 3 mg 50% PU<br \/>\nJod 75 \u00b5g 50% PU<br \/>\nPU = Preporu\u010deni dnevni unos<\/p>\n","protected":false},"excerpt":{"rendered":"<p>Sadr\u017ei 11 esencijalnih vitamina i minerala<br \/>\nPreporu\u010deni dnevni unos je jedan bombon na dan<br \/>\nPrikladno za djecu od 3+ godine<\/p>\n","protected":false},"featured_media":45741,"template":"","meta":{"_seopress_robots_primary_cat":"","_seopress_titles_title":"","_seopress_titles_desc":"","_seopress_robots_index":"","iawp_total_views":0},"product_brand":[764],"product_cat":[211,289],"product_tag":[],"class_list":{"0":"post-45740","1":"product","2":"type-product","3":"status-publish","4":"has-post-thumbnail","6":"product_brand-chewy-vites","7":"product_cat-njega-majke-i-djeteta","8":"product_cat-trudnoca-i-vitamini-211","10":"first","11":"instock","12":"shipping-taxable","13":"purchasable","14":"product-type-simple"},"_links":{"self":[{"href":"https:\/\/singuli.wpress.me\/index.php\/wp-json\/wp\/v2\/product\/45740","targetHints":{"allow":["GET"]}}],"collection":[{"href":"https:\/\/singuli.wpress.me\/index.php\/wp-json\/wp\/v2\/product"}],"about":[{"href":"https:\/\/singuli.wpress.me\/index.php\/wp-json\/wp\/v2\/types\/product"}],"version-history":[{"count":0,"href":"https:\/\/singuli.wpress.me\/index.php\/wp-json\/wp\/v2\/product\/45740\/revisions"}],"wp:featuredmedia":[{"embeddable":true,"href":"https:\/\/singuli.wpress.me\/index.php\/wp-json\/wp\/v2\/media\/45741"}],"wp:attachment":[{"href":"https:\/\/singuli.wpress.me\/index.php\/wp-json\/wp\/v2\/media?parent=45740"}],"wp:term":[{"taxonomy":"product_brand","embeddable":true,"href":"https:\/\/singuli.wpress.me\/index.php\/wp-json\/wp\/v2\/product_brand?post=45740"},{"taxonomy":"product_cat","embeddable":true,"href":"https:\/\/singuli.wpress.me\/index.php\/wp-json\/wp\/v2\/product_cat?post=45740"},{"taxonomy":"product_tag","embeddable":true,"href":"https:\/\/singuli.wpress.me\/index.php\/wp-json\/wp\/v2\/product_tag?post=45740"}],"curies":[{"name":"wp","href":"https:\/\/api.w.org\/{rel}","templated":true}]}}