{"id":45742,"date":"2026-04-21T00:27:36","date_gmt":"2026-04-21T00:27:36","guid":{"rendered":"https:\/\/singuli.wpress.me\/index.php\/proizvod\/ariel-complete-fiber-protection-tekuci-deterdzent-za-pranje-rublja-0-88l-16-pranja\/"},"modified":"2026-04-21T00:27:36","modified_gmt":"2026-04-21T00:27:36","slug":"ariel-complete-fiber-protection-tekuci-deterdzent-za-pranje-rublja-0-88l-16-pranja","status":"publish","type":"product","link":"https:\/\/singuli.wpress.me\/index.php\/proizvod\/ariel-complete-fiber-protection-tekuci-deterdzent-za-pranje-rublja-0-88l-16-pranja\/","title":{"rendered":"ARIEL +Complete Fiber Protection, teku\u0107i deterd\u017eent za pranje rublja, 0.88l, 16\u00a0pranja"},"content":{"rendered":"<p>Teku\u0107i deterd\u017eent za pranje rublja Ariel +Complete Fiber Protection osvje\u017eava blistavost boja. Njegova formula s tehnologijom obnavljanja vlakana (*simboli\u010dan prikaz obnavljanja tkanine s mucicama oprane pra\u0161kastim deterd\u017eentom Ariel Mountain Spring) pru\u017ea dodatnu njegu vlakana. <\/p>\n<p>Nadalje, teku\u0107i deterd\u017eent Ariel +Complete Fiber Protection osigurava besprijekorne rezultate, \u010dak i na ni\u017eim temperaturama. Uz sve to, dolazi u pakiranju koje se mo\u017ee reciklirati. Tvrdokorne mrlje prije pranja tretirajte teku\u0107im deterd\u017eentom Ariel +Extra Complete Fiber Protection i njegovim zelenim \u010depom, a zatim operite rublje u perilici. <\/p>\n<p>Za najbolje rezultate \u010dep s deterd\u017eentom stavite izravno u bubanj perilice rublja. Iz ekolo\u0161kih razloga na neke boce ne stavljamo \u010dep s mjericom. Takav je \u010dep besplatno dostupan na internetskoj stranici ariel.info.<\/p>\n","protected":false},"excerpt":{"rendered":"<p>Osvje\u017eava blistavost boja<br \/>\nTehnologija obnavljanja vlakana<br \/>\nBlistavi rezultati na niskim temperaturama pranja<\/p>\n","protected":false},"featured_media":45743,"template":"","meta":{"_seopress_robots_primary_cat":"","_seopress_titles_title":"","_seopress_titles_desc":"","_seopress_robots_index":"","iawp_total_views":0},"product_brand":[427],"product_cat":[283,238],"product_tag":[],"class_list":{"0":"post-45742","1":"product","2":"type-product","3":"status-publish","4":"has-post-thumbnail","6":"product_brand-ariel","7":"product_cat-pranje-rublja-238","8":"product_cat-sve-za-dom","10":"first","11":"outofstock","12":"shipping-taxable","13":"purchasable","14":"product-type-simple"},"_links":{"self":[{"href":"https:\/\/singuli.wpress.me\/index.php\/wp-json\/wp\/v2\/product\/45742","targetHints":{"allow":["GET"]}}],"collection":[{"href":"https:\/\/singuli.wpress.me\/index.php\/wp-json\/wp\/v2\/product"}],"about":[{"href":"https:\/\/singuli.wpress.me\/index.php\/wp-json\/wp\/v2\/types\/product"}],"version-history":[{"count":0,"href":"https:\/\/singuli.wpress.me\/index.php\/wp-json\/wp\/v2\/product\/45742\/revisions"}],"wp:featuredmedia":[{"embeddable":true,"href":"https:\/\/singuli.wpress.me\/index.php\/wp-json\/wp\/v2\/media\/45743"}],"wp:attachment":[{"href":"https:\/\/singuli.wpress.me\/index.php\/wp-json\/wp\/v2\/media?parent=45742"}],"wp:term":[{"taxonomy":"product_brand","embeddable":true,"href":"https:\/\/singuli.wpress.me\/index.php\/wp-json\/wp\/v2\/product_brand?post=45742"},{"taxonomy":"product_cat","embeddable":true,"href":"https:\/\/singuli.wpress.me\/index.php\/wp-json\/wp\/v2\/product_cat?post=45742"},{"taxonomy":"product_tag","embeddable":true,"href":"https:\/\/singuli.wpress.me\/index.php\/wp-json\/wp\/v2\/product_tag?post=45742"}],"curies":[{"name":"wp","href":"https:\/\/api.w.org\/{rel}","templated":true}]}}