{"id":45747,"date":"2026-04-21T00:27:39","date_gmt":"2026-04-21T00:27:39","guid":{"rendered":"https:\/\/singuli.wpress.me\/index.php\/proizvod\/domo-do522s-rezalica-crvena\/"},"modified":"2026-04-21T00:27:39","modified_gmt":"2026-04-21T00:27:39","slug":"domo-do522s-rezalica-crvena","status":"publish","type":"product","link":"https:\/\/singuli.wpress.me\/index.php\/proizvod\/domo-do522s-rezalica-crvena\/","title":{"rendered":"DOMO DO522S, rezalica, crvena"},"content":{"rendered":"<p>DOMO rezalica DO522S idealna je za rezanje svje\u017ee pe\u010denog kruha a mo\u017eete ju koristiti za rezanje sira, mesa itd. O\u0161trica je blago nazubljena promjera 22 cm i izra\u0111ena je od nehr\u0111aju\u0107eg \u010delika. Debljina se mo\u017ee podesiti do 15 mm. Dr\u017ea\u010d za hranu osigurava sigurno rezanje va\u0161eg proizvoda na tanke kri\u0161ke.<\/p>\n","protected":false},"excerpt":{"rendered":"<p>Lako uklonjiva o\u0161trica<br \/>\nPodesiva \u0161irina rezanja (0-15 mm)<br \/>\n4 gumene no\u017eice za stabilnost<\/p>\n","protected":false},"featured_media":45748,"template":"","meta":{"_seopress_robots_primary_cat":"","_seopress_titles_title":"","_seopress_titles_desc":"","_seopress_robots_index":"","iawp_total_views":0},"product_brand":[255],"product_cat":[192,267],"product_tag":[],"class_list":{"0":"post-45747","1":"product","2":"type-product","3":"status-publish","4":"has-post-thumbnail","6":"product_brand-domo","7":"product_cat-aparati-za-osobnu-njegu","8":"product_cat-zdravstveni-uredaji-192","10":"first","11":"outofstock","12":"shipping-taxable","13":"purchasable","14":"product-type-simple"},"_links":{"self":[{"href":"https:\/\/singuli.wpress.me\/index.php\/wp-json\/wp\/v2\/product\/45747","targetHints":{"allow":["GET"]}}],"collection":[{"href":"https:\/\/singuli.wpress.me\/index.php\/wp-json\/wp\/v2\/product"}],"about":[{"href":"https:\/\/singuli.wpress.me\/index.php\/wp-json\/wp\/v2\/types\/product"}],"version-history":[{"count":0,"href":"https:\/\/singuli.wpress.me\/index.php\/wp-json\/wp\/v2\/product\/45747\/revisions"}],"wp:featuredmedia":[{"embeddable":true,"href":"https:\/\/singuli.wpress.me\/index.php\/wp-json\/wp\/v2\/media\/45748"}],"wp:attachment":[{"href":"https:\/\/singuli.wpress.me\/index.php\/wp-json\/wp\/v2\/media?parent=45747"}],"wp:term":[{"taxonomy":"product_brand","embeddable":true,"href":"https:\/\/singuli.wpress.me\/index.php\/wp-json\/wp\/v2\/product_brand?post=45747"},{"taxonomy":"product_cat","embeddable":true,"href":"https:\/\/singuli.wpress.me\/index.php\/wp-json\/wp\/v2\/product_cat?post=45747"},{"taxonomy":"product_tag","embeddable":true,"href":"https:\/\/singuli.wpress.me\/index.php\/wp-json\/wp\/v2\/product_tag?post=45747"}],"curies":[{"name":"wp","href":"https:\/\/api.w.org\/{rel}","templated":true}]}}