{"id":45753,"date":"2026-04-21T00:27:41","date_gmt":"2026-04-21T00:27:41","guid":{"rendered":"https:\/\/singuli.wpress.me\/index.php\/proizvod\/old-spice-wide-explorer-poklon-paket-dezodorans-u-sticku-i-gel-za-tusiranje-night-panther\/"},"modified":"2026-04-21T00:27:41","modified_gmt":"2026-04-21T00:27:41","slug":"old-spice-wide-explorer-poklon-paket-dezodorans-u-sticku-i-gel-za-tusiranje-night-panther","status":"publish","type":"product","link":"https:\/\/singuli.wpress.me\/index.php\/proizvod\/old-spice-wide-explorer-poklon-paket-dezodorans-u-sticku-i-gel-za-tusiranje-night-panther\/","title":{"rendered":"OLD SPICE Wide Explorer, poklon paket, dezodorans u sticku i gel za tu\u0161iranje Night Panther"},"content":{"rendered":"<p>Tra\u017eite li savr\u0161en poklon za njega, darovni kompleti Old Spice pravo su rje\u0161enje. Darovni kompleti za mu\u0161karce Old Spice najbolji su izbor kada \u017eelite zadiviti modernog mu\u0161karca jer je jednostavno nemogu\u0107e pogrije\u0161iti s neodoljivim mu\u017eevnim mirisima Old Spice. Tra\u017eite li savr\u0161en poklon za njega, darovni kompleti Old Spice pravo su rje\u0161enje. Darovni kompleti za mu\u0161karce Old Spice najbolji su izbor kada \u017eelite zadiviti modernog mu\u0161karca jer je jednostavno nemogu\u0107e pogrije\u0161iti s neodoljivim mu\u017eevnim mirisima Old Spice. <\/p>\n<p>Darovni komplet Wild Explorer Old Spice sadr\u017ei dezodorans u stiku Night Panther, dezodorans u spreju Night Panther i gel za tu\u0161iranje Night Panther od 400 ml. Proizvodi za njegu tijela dolaze u kartonskoj kutiji s dizajnom Wild Explorer koja uklju\u010duje uradi-sam domino. Samo izre\u017eite domino plo\u010dice sa strana kutije i u\u017eivajte u fantasti\u010dnoj igri. Proizvodi iz darovnog kompleta Explorer donose miris Night Panther, gurmanski miris za mu\u0161karce s notama tamne \u010dokolade i vanilije. Naposljetku, omot darovnog kompleta izra\u0111en je od 80% recikliranog papira i materijala iz odgovornih izvora s certifikatom FSC. <\/p>\n<p>Kako to da ovaj darovni komplet Old Spice za mu\u0161karce nije ve\u0107 u va\u0161oj ko\u0161arici?<\/p>\n","protected":false},"excerpt":{"rendered":"<p>Tra\u017eite li savr\u0161en poklon za njega, darovni kompleti Old Spice pravo su rje\u0161enje. Darovni kompleti za mu\u0161karce Old Spice najbolji<\/p>\n","protected":false},"featured_media":45754,"template":"","meta":{"_seopress_robots_primary_cat":"","_seopress_titles_title":"","_seopress_titles_desc":"","_seopress_robots_index":"","iawp_total_views":0},"product_brand":[448],"product_cat":[285,268],"product_tag":[],"class_list":{"0":"post-45753","1":"product","2":"type-product","3":"status-publish","4":"has-post-thumbnail","6":"product_brand-old-spice","7":"product_cat-dezodoransi-268","8":"product_cat-kozmetika-2","10":"first","11":"outofstock","12":"shipping-taxable","13":"purchasable","14":"product-type-simple"},"_links":{"self":[{"href":"https:\/\/singuli.wpress.me\/index.php\/wp-json\/wp\/v2\/product\/45753","targetHints":{"allow":["GET"]}}],"collection":[{"href":"https:\/\/singuli.wpress.me\/index.php\/wp-json\/wp\/v2\/product"}],"about":[{"href":"https:\/\/singuli.wpress.me\/index.php\/wp-json\/wp\/v2\/types\/product"}],"version-history":[{"count":0,"href":"https:\/\/singuli.wpress.me\/index.php\/wp-json\/wp\/v2\/product\/45753\/revisions"}],"wp:featuredmedia":[{"embeddable":true,"href":"https:\/\/singuli.wpress.me\/index.php\/wp-json\/wp\/v2\/media\/45754"}],"wp:attachment":[{"href":"https:\/\/singuli.wpress.me\/index.php\/wp-json\/wp\/v2\/media?parent=45753"}],"wp:term":[{"taxonomy":"product_brand","embeddable":true,"href":"https:\/\/singuli.wpress.me\/index.php\/wp-json\/wp\/v2\/product_brand?post=45753"},{"taxonomy":"product_cat","embeddable":true,"href":"https:\/\/singuli.wpress.me\/index.php\/wp-json\/wp\/v2\/product_cat?post=45753"},{"taxonomy":"product_tag","embeddable":true,"href":"https:\/\/singuli.wpress.me\/index.php\/wp-json\/wp\/v2\/product_tag?post=45753"}],"curies":[{"name":"wp","href":"https:\/\/api.w.org\/{rel}","templated":true}]}}