{"id":45762,"date":"2026-04-21T00:27:51","date_gmt":"2026-04-21T00:27:51","guid":{"rendered":"https:\/\/singuli.wpress.me\/index.php\/proizvod\/barbie-food-truck\/"},"modified":"2026-04-21T00:27:51","modified_gmt":"2026-04-21T00:27:51","slug":"barbie-food-truck","status":"publish","type":"product","link":"https:\/\/singuli.wpress.me\/index.php\/proizvod\/barbie-food-truck\/","title":{"rendered":"BARBIE, food truck"},"content":{"rendered":"<p>Bip, bip! Napravite prolaz za svijet zabave kuhanja uz Barbie Food Truck kamion.<\/p>\n<p>Kamion je duga\u010dak 43.6 cm.<\/p>\n<p>Kamion se otvara u dio za pripremu hrane i dio za poslu\u017eivanje.<\/p>\n<p>Kamion dolazi s vi\u0161e od 30 dodataka koji uklju\u010duju jelovnike, lonce, posu\u0111e, poslu\u017eavnike, fritezu za pr\u017eene krumpiri\u0107e, blender za smoothie, namirnice, za\u010dine i jo\u0161 vi\u0161e toga.<\/p>\n<p>Pojedini dodaci na sebi imaju dijelove koji omogu\u0107uju da ih Barbika dr\u017ei.<\/p>\n<p>Barbie lutka (prodaje se odvojeno) mo\u017ee pripremiti sve vrste ukusne hrane uklju\u010duju\u0107i salate, hamburgere, tacose, krumpiri\u0107e i jo\u0161 mnogo toga.<\/p>\n<p>Kada je narud\u017eba spremna, Barbie mo\u017ee zazvoniti na blagajni.<\/p>\n<p>Sjajan poklon za sve starije od 3 godine. <\/p>\n","protected":false},"excerpt":{"rendered":"<p>Sadr\u017ei preko 30 dodataka<br \/>\nLutka se prodaje odvojeno<br \/>\nDob: 3+god<\/p>\n","protected":false},"featured_media":45763,"template":"","meta":{"_seopress_robots_primary_cat":"","_seopress_titles_title":"","_seopress_titles_desc":"","_seopress_robots_index":"","iawp_total_views":0},"product_brand":[324],"product_cat":[274,238],"product_tag":[],"class_list":{"0":"post-45762","1":"product","2":"type-product","3":"status-publish","4":"has-post-thumbnail","6":"product_brand-barbie","7":"product_cat-kucanski-pribor-238","8":"product_cat-sve-za-dom","10":"first","11":"outofstock","12":"shipping-taxable","13":"purchasable","14":"product-type-simple"},"_links":{"self":[{"href":"https:\/\/singuli.wpress.me\/index.php\/wp-json\/wp\/v2\/product\/45762","targetHints":{"allow":["GET"]}}],"collection":[{"href":"https:\/\/singuli.wpress.me\/index.php\/wp-json\/wp\/v2\/product"}],"about":[{"href":"https:\/\/singuli.wpress.me\/index.php\/wp-json\/wp\/v2\/types\/product"}],"version-history":[{"count":0,"href":"https:\/\/singuli.wpress.me\/index.php\/wp-json\/wp\/v2\/product\/45762\/revisions"}],"wp:featuredmedia":[{"embeddable":true,"href":"https:\/\/singuli.wpress.me\/index.php\/wp-json\/wp\/v2\/media\/45763"}],"wp:attachment":[{"href":"https:\/\/singuli.wpress.me\/index.php\/wp-json\/wp\/v2\/media?parent=45762"}],"wp:term":[{"taxonomy":"product_brand","embeddable":true,"href":"https:\/\/singuli.wpress.me\/index.php\/wp-json\/wp\/v2\/product_brand?post=45762"},{"taxonomy":"product_cat","embeddable":true,"href":"https:\/\/singuli.wpress.me\/index.php\/wp-json\/wp\/v2\/product_cat?post=45762"},{"taxonomy":"product_tag","embeddable":true,"href":"https:\/\/singuli.wpress.me\/index.php\/wp-json\/wp\/v2\/product_tag?post=45762"}],"curies":[{"name":"wp","href":"https:\/\/api.w.org\/{rel}","templated":true}]}}