{"id":45773,"date":"2026-04-21T00:27:55","date_gmt":"2026-04-21T00:27:55","guid":{"rendered":"https:\/\/singuli.wpress.me\/index.php\/proizvod\/wellaflex-2nd-day-volume-pjena-za-kosu-200-ml\/"},"modified":"2026-04-21T00:27:55","modified_gmt":"2026-04-21T00:27:55","slug":"wellaflex-2nd-day-volume-pjena-za-kosu-200-ml","status":"publish","type":"product","link":"https:\/\/singuli.wpress.me\/index.php\/proizvod\/wellaflex-2nd-day-volume-pjena-za-kosu-200-ml\/","title":{"rendered":"WELLAFLEX 2nd Day Volume , pjena za kosu, 200\u00a0ml"},"content":{"rendered":"<p>Wellaflex 2Days Volume pjena za kosu pru\u017ea va\u0161oj kosi elasti\u010dnost i volumen pun vitalnosti do 2 dana. Wellaflex 2Days Volume pjena daje \u010dvrstu fiksaciju bez osje\u0107aja ljepljivosti. Poma\u017ee u za\u0161titi kose od UV zraka.<\/p>\n","protected":false},"excerpt":{"rendered":"<p>Sna\u017eno u\u010dvr\u0161\u0107ivanje i volumen<br \/>\nZa prirodan izgled I elasti\u010dnost<br \/>\nZa\u0161tita od UV zraka<\/p>\n","protected":false},"featured_media":45774,"template":"","meta":{"_seopress_robots_primary_cat":"","_seopress_titles_title":"","_seopress_titles_desc":"","_seopress_robots_index":"","iawp_total_views":0},"product_brand":[841],"product_cat":[268,300],"product_tag":[],"class_list":{"0":"post-45773","1":"product","2":"type-product","3":"status-publish","4":"has-post-thumbnail","6":"product_brand-wellaflex","7":"product_cat-kozmetika-2","8":"product_cat-njega-kose-268","10":"first","11":"outofstock","12":"shipping-taxable","13":"purchasable","14":"product-type-simple"},"_links":{"self":[{"href":"https:\/\/singuli.wpress.me\/index.php\/wp-json\/wp\/v2\/product\/45773","targetHints":{"allow":["GET"]}}],"collection":[{"href":"https:\/\/singuli.wpress.me\/index.php\/wp-json\/wp\/v2\/product"}],"about":[{"href":"https:\/\/singuli.wpress.me\/index.php\/wp-json\/wp\/v2\/types\/product"}],"version-history":[{"count":0,"href":"https:\/\/singuli.wpress.me\/index.php\/wp-json\/wp\/v2\/product\/45773\/revisions"}],"wp:featuredmedia":[{"embeddable":true,"href":"https:\/\/singuli.wpress.me\/index.php\/wp-json\/wp\/v2\/media\/45774"}],"wp:attachment":[{"href":"https:\/\/singuli.wpress.me\/index.php\/wp-json\/wp\/v2\/media?parent=45773"}],"wp:term":[{"taxonomy":"product_brand","embeddable":true,"href":"https:\/\/singuli.wpress.me\/index.php\/wp-json\/wp\/v2\/product_brand?post=45773"},{"taxonomy":"product_cat","embeddable":true,"href":"https:\/\/singuli.wpress.me\/index.php\/wp-json\/wp\/v2\/product_cat?post=45773"},{"taxonomy":"product_tag","embeddable":true,"href":"https:\/\/singuli.wpress.me\/index.php\/wp-json\/wp\/v2\/product_tag?post=45773"}],"curies":[{"name":"wp","href":"https:\/\/api.w.org\/{rel}","templated":true}]}}