{"id":45783,"date":"2026-04-21T00:27:58","date_gmt":"2026-04-21T00:27:58","guid":{"rendered":"https:\/\/singuli.wpress.me\/index.php\/proizvod\/oral-b-3-effect-classic-care-zubna-cetkica\/"},"modified":"2026-04-21T00:27:58","modified_gmt":"2026-04-21T00:27:58","slug":"oral-b-3-effect-classic-care-zubna-cetkica","status":"publish","type":"product","link":"https:\/\/singuli.wpress.me\/index.php\/proizvod\/oral-b-3-effect-classic-care-zubna-cetkica\/","title":{"rendered":"ORAL-B 3 Effect Classic Care, zubna \u010detkica"},"content":{"rendered":"<p>Klasi\u010dna zubna \u010detkica <span style=\"font-weight: bold\">Oral-B 123 Classic Care <\/span>u\u010dinkovito \u010disti zube. Mo\u017ee dosegnuti te\u0161ko dostupna mjesta. Radi se o klasi\u010dnoj zubnoj \u010detkici koja se prilago\u0111ava va\u0161em profilu \u010deljusti. Valovita vlakna prilago\u0111avaju se i prodiru izme\u0111u zuba kako bi ih dobro o\u010distila. Ergonomska dr\u0161ka osigurava udobnost i kontrolu.<\/p>\n","protected":false},"excerpt":{"rendered":"<p>\u010cisti te\u0161ko dostupna mjesta<br \/>\nPrilago\u0111ava se profilu \u010deljusti<br \/>\nValovita vlakna prilago\u0111avaju se i prodiru izme\u0111u zuba kako bi ih dobro o\u010distila<\/p>\n","protected":false},"featured_media":45784,"template":"","meta":{"_seopress_robots_primary_cat":"","_seopress_titles_title":"","_seopress_titles_desc":"","_seopress_robots_index":"","iawp_total_views":0},"product_brand":[423],"product_cat":[192,208,207],"product_tag":[],"class_list":{"0":"post-45783","1":"product","2":"type-product","3":"status-publish","4":"has-post-thumbnail","6":"product_brand-oral-b-2","7":"product_cat-aparati-za-osobnu-njegu","8":"product_cat-elektricne-i-manualne-cetkice-za-odrasle-i-djecu","9":"product_cat-oralna-higijena","11":"first","12":"outofstock","13":"shipping-taxable","14":"purchasable","15":"product-type-simple"},"_links":{"self":[{"href":"https:\/\/singuli.wpress.me\/index.php\/wp-json\/wp\/v2\/product\/45783","targetHints":{"allow":["GET"]}}],"collection":[{"href":"https:\/\/singuli.wpress.me\/index.php\/wp-json\/wp\/v2\/product"}],"about":[{"href":"https:\/\/singuli.wpress.me\/index.php\/wp-json\/wp\/v2\/types\/product"}],"version-history":[{"count":0,"href":"https:\/\/singuli.wpress.me\/index.php\/wp-json\/wp\/v2\/product\/45783\/revisions"}],"wp:featuredmedia":[{"embeddable":true,"href":"https:\/\/singuli.wpress.me\/index.php\/wp-json\/wp\/v2\/media\/45784"}],"wp:attachment":[{"href":"https:\/\/singuli.wpress.me\/index.php\/wp-json\/wp\/v2\/media?parent=45783"}],"wp:term":[{"taxonomy":"product_brand","embeddable":true,"href":"https:\/\/singuli.wpress.me\/index.php\/wp-json\/wp\/v2\/product_brand?post=45783"},{"taxonomy":"product_cat","embeddable":true,"href":"https:\/\/singuli.wpress.me\/index.php\/wp-json\/wp\/v2\/product_cat?post=45783"},{"taxonomy":"product_tag","embeddable":true,"href":"https:\/\/singuli.wpress.me\/index.php\/wp-json\/wp\/v2\/product_tag?post=45783"}],"curies":[{"name":"wp","href":"https:\/\/api.w.org\/{rel}","templated":true}]}}