{"id":45787,"date":"2026-04-21T00:27:59","date_gmt":"2026-04-21T00:27:59","guid":{"rendered":"https:\/\/singuli.wpress.me\/index.php\/proizvod\/eti-dare-plocica-kikiriki-i-karamela-16x45g\/"},"modified":"2026-04-21T00:27:59","modified_gmt":"2026-04-21T00:27:59","slug":"eti-dare-plocica-kikiriki-i-karamela-16x45g","status":"publish","type":"product","link":"https:\/\/singuli.wpress.me\/index.php\/proizvod\/eti-dare-plocica-kikiriki-i-karamela-16x45g\/","title":{"rendered":"ETI Dare, plo\u010dica, kikiriki i karamela, 16x45g"},"content":{"rendered":"<p>Plo\u010dica mje\u0161avine kikirikija, karamele i nougata, oblo\u017eena mlije\u010dnom \u010dokoladom.<\/p>\n<p>Ukusna, hrskava \u010dokoladica privla\u010dna onima koje hvata neuredan duh mladosti. <\/p>\n<p>Inovativan, privla\u010dan dizajn, zajedno s novim teksturama i kombinacijom sastojaka, uspijeva staviti plo\u010dicu ETI Dare od kikirikija i karamele me\u0111u najbolje izbore potro\u0161a\u010da.<\/p>\n","protected":false},"excerpt":{"rendered":"<p>Mje\u0161avina kikirikija, karamele i nougata, oblo\u017eena mlije\u010dnom \u010dokoladom<br \/>\nUkusna hrskava \u010dokoladica<br \/>\nNova tekstura i kombinacija sastojaka<\/p>\n","protected":false},"featured_media":45788,"template":"","meta":{"_seopress_robots_primary_cat":"","_seopress_titles_title":"","_seopress_titles_desc":"","_seopress_robots_index":"","iawp_total_views":0},"product_brand":[499],"product_cat":[261,277],"product_tag":[],"class_list":{"0":"post-45787","1":"product","2":"type-product","3":"status-publish","4":"has-post-thumbnail","6":"product_brand-eti","7":"product_cat-hrana-i-pice","8":"product_cat-slatkisi-i-grickalice-261","10":"first","11":"outofstock","12":"shipping-taxable","13":"purchasable","14":"product-type-simple"},"_links":{"self":[{"href":"https:\/\/singuli.wpress.me\/index.php\/wp-json\/wp\/v2\/product\/45787","targetHints":{"allow":["GET"]}}],"collection":[{"href":"https:\/\/singuli.wpress.me\/index.php\/wp-json\/wp\/v2\/product"}],"about":[{"href":"https:\/\/singuli.wpress.me\/index.php\/wp-json\/wp\/v2\/types\/product"}],"version-history":[{"count":0,"href":"https:\/\/singuli.wpress.me\/index.php\/wp-json\/wp\/v2\/product\/45787\/revisions"}],"wp:featuredmedia":[{"embeddable":true,"href":"https:\/\/singuli.wpress.me\/index.php\/wp-json\/wp\/v2\/media\/45788"}],"wp:attachment":[{"href":"https:\/\/singuli.wpress.me\/index.php\/wp-json\/wp\/v2\/media?parent=45787"}],"wp:term":[{"taxonomy":"product_brand","embeddable":true,"href":"https:\/\/singuli.wpress.me\/index.php\/wp-json\/wp\/v2\/product_brand?post=45787"},{"taxonomy":"product_cat","embeddable":true,"href":"https:\/\/singuli.wpress.me\/index.php\/wp-json\/wp\/v2\/product_cat?post=45787"},{"taxonomy":"product_tag","embeddable":true,"href":"https:\/\/singuli.wpress.me\/index.php\/wp-json\/wp\/v2\/product_tag?post=45787"}],"curies":[{"name":"wp","href":"https:\/\/api.w.org\/{rel}","templated":true}]}}