{"id":45792,"date":"2026-04-21T00:28:00","date_gmt":"2026-04-21T00:28:00","guid":{"rendered":"https:\/\/singuli.wpress.me\/index.php\/proizvod\/hot-wheels-city-toranj-set-za-utrkivanje\/"},"modified":"2026-04-23T00:28:08","modified_gmt":"2026-04-23T00:28:08","slug":"hot-wheels-city-toranj-set-za-utrkivanje","status":"publish","type":"product","link":"https:\/\/singuli.wpress.me\/proizvod\/hot-wheels-city-toranj-set-za-utrkivanje\/","title":{"rendered":"HOT WHEELS City toranj, set za utrkivanje"},"content":{"rendered":"<p>Do\u017eivite epske utrke s Hot Wheels\u2122 2u1 Tornjem za utrkivanje!<br \/>\nOvaj inovativni set za igranje lako se transformira u visoku stazu za vrhunsku utrku visine \u010dak 64cm \u0161to \u0107e omogu\u0107iti vrhunske utrke velikih brzina!<\/p>\n<p>Mogu\u0107e je kreirati i impresivnu natjecateljsku stazu s dvije trake s inovativnim zaokretima koju \u0107e obo\u017eavati i djeca i odrasli!<br \/>\nPostavite 2 automobila u omjeru 1:64 u dizalo, podignite ga na vrh te neka utrka po\u010dne!<\/p>\n<p>Mogu\u0107e ga je povezati s drugim Hot Wheels setovima za dodatne avanture i zabave.<br \/>\nSet uklju\u010duje jedan Hot Wheels automobil. Dodatni automobili prodaju se zasebno.<\/p>\n<p>Idealan je dar za djecu od 3 godine i vi\u0161e koja se obo\u017eavaju utrkivati sa svojim Hot Wheels\u00ae auti\u0107ima!<\/p>\n","protected":false},"excerpt":{"rendered":"<p>Uklju\u010duje 1 Hot Wheels auti\u0107<br \/>\nDob: 3+ godine<br \/>\nMo\u017eete se pri\u010dvrstiti  na druge setove Hot Wheels City<\/p>\n","protected":false},"featured_media":45793,"template":"","meta":{"_seopress_robots_primary_cat":"","_seopress_titles_title":"","_seopress_titles_desc":"","_seopress_robots_index":"","iawp_total_views":0},"product_brand":[429],"product_cat":[221,291],"product_tag":[],"class_list":{"0":"post-45792","1":"product","2":"type-product","3":"status-publish","4":"has-post-thumbnail","6":"product_brand-hot-wheels","7":"product_cat-igracke","8":"product_cat-igracke-za-djecu-221","10":"first","11":"outofstock","12":"shipping-taxable","13":"purchasable","14":"product-type-simple"},"_links":{"self":[{"href":"https:\/\/singuli.wpress.me\/wp-json\/wp\/v2\/product\/45792","targetHints":{"allow":["GET"]}}],"collection":[{"href":"https:\/\/singuli.wpress.me\/wp-json\/wp\/v2\/product"}],"about":[{"href":"https:\/\/singuli.wpress.me\/wp-json\/wp\/v2\/types\/product"}],"version-history":[{"count":0,"href":"https:\/\/singuli.wpress.me\/wp-json\/wp\/v2\/product\/45792\/revisions"}],"wp:featuredmedia":[{"embeddable":true,"href":"https:\/\/singuli.wpress.me\/wp-json\/wp\/v2\/media\/45793"}],"wp:attachment":[{"href":"https:\/\/singuli.wpress.me\/wp-json\/wp\/v2\/media?parent=45792"}],"wp:term":[{"taxonomy":"product_brand","embeddable":true,"href":"https:\/\/singuli.wpress.me\/wp-json\/wp\/v2\/product_brand?post=45792"},{"taxonomy":"product_cat","embeddable":true,"href":"https:\/\/singuli.wpress.me\/wp-json\/wp\/v2\/product_cat?post=45792"},{"taxonomy":"product_tag","embeddable":true,"href":"https:\/\/singuli.wpress.me\/wp-json\/wp\/v2\/product_tag?post=45792"}],"curies":[{"name":"wp","href":"https:\/\/api.w.org\/{rel}","templated":true}]}}