{"id":45800,"date":"2026-04-21T00:28:08","date_gmt":"2026-04-21T00:28:08","guid":{"rendered":"https:\/\/singuli.wpress.me\/index.php\/proizvod\/raid-essentials-trigger-sprej-protiv-gmizucih-insekata-500-ml\/"},"modified":"2026-04-21T00:28:08","modified_gmt":"2026-04-21T00:28:08","slug":"raid-essentials-trigger-sprej-protiv-gmizucih-insekata-500-ml","status":"publish","type":"product","link":"https:\/\/singuli.wpress.me\/index.php\/proizvod\/raid-essentials-trigger-sprej-protiv-gmizucih-insekata-500-ml\/","title":{"rendered":"RAID  Essentials Trigger, sprej, protiv gmi\u017eu\u0107ih insekata, 500\u00a0ml"},"content":{"rendered":"<p>Raid\u00ae Essentials Trigger, raspr\u0161iva\u010d protiv gmi\u017eu\u0107ih insekata pouzdano je i u\u010dinkovito rje\u0161enje protiv insekata. Sigurnije rje\u0161enje za obitelj i okoli\u0161. Pru\u017ea mjesec dana rezidualnog djelovanja protiv gmi\u017eu\u0107ih insekata. Dvostruko djelovanje: izravni sprej i povr\u0161inska obrada. Tehnologija na bazi vode bez dodatnog mirisa.<\/p>\n<p><span style=\"font-weight: bold\">Upute za uporabu:<\/span><br \/>\nIZRAVNO PRSKANJE NA INSEKTE. Ciljani insekti: \u017eohari i mravi. Za izravno djelovanje na ciljanim insektima upotrijebite oko 2 ml proizvoda<br \/>\n(1 prskanje = 2 ml) s udaljenosti od oko 20 cm. ZA TRENUTNO DJELOVANJE NA POVR\u0160INAMA. Ciljani insekti: \u017eohari i mravi. Za trenutno<br \/>\ndjelovanje na povr\u0161inama, nanesite 50 &#8211; 75 ml \/ m2 (1 pritisak = 2 ml) na mjesta prolaza insekata ili gdje se gnijezde, koristeci najmanju dozu<br \/>\nza male insekte (npr. mrave). Unutra: u kutovima, ni\u0161ama, pukotinama, uz rubne letvice, ispod pragova vrata i prozora, iza kucanskih aparata,<br \/>\noko kucica za kucne ljubimce, na svim vrucim, vla\u017enim i tamnim mjestima. Vani: na pragovima i vanjskim okvirima prozora, na zidovima i<br \/>\npovr\u0161inama u blizini vegetacije. Nemojte cistiti tretirane povr\u0161ine kako biste odr\u017eali trajanje insekticidnog djelovanja, produ\u017eeno do 4 tjedna.<br \/>\nNa poroznim povr\u0161inama ponoviti tretman, ako je potrebno.<\/p>\n","protected":false},"excerpt":{"rendered":"<p>Pru\u017ea mjesec dana rezidualnog djelovanja protiv gmi\u017eu\u0107ih insekata<br \/>\nDvostruko djelovanje: izravni sprej i povr\u0161inska obrada<br \/>\nTehnologija na bazi vode<\/p>\n","protected":false},"featured_media":45801,"template":"","meta":{"_seopress_robots_primary_cat":"","_seopress_titles_title":"","_seopress_titles_desc":"","_seopress_robots_index":"","iawp_total_views":0},"product_brand":[457],"product_cat":[268,300],"product_tag":[],"class_list":{"0":"post-45800","1":"product","2":"type-product","3":"status-publish","4":"has-post-thumbnail","6":"product_brand-raid","7":"product_cat-kozmetika-2","8":"product_cat-njega-kose-268","10":"first","11":"instock","12":"shipping-taxable","13":"purchasable","14":"product-type-simple"},"_links":{"self":[{"href":"https:\/\/singuli.wpress.me\/index.php\/wp-json\/wp\/v2\/product\/45800","targetHints":{"allow":["GET"]}}],"collection":[{"href":"https:\/\/singuli.wpress.me\/index.php\/wp-json\/wp\/v2\/product"}],"about":[{"href":"https:\/\/singuli.wpress.me\/index.php\/wp-json\/wp\/v2\/types\/product"}],"version-history":[{"count":0,"href":"https:\/\/singuli.wpress.me\/index.php\/wp-json\/wp\/v2\/product\/45800\/revisions"}],"wp:featuredmedia":[{"embeddable":true,"href":"https:\/\/singuli.wpress.me\/index.php\/wp-json\/wp\/v2\/media\/45801"}],"wp:attachment":[{"href":"https:\/\/singuli.wpress.me\/index.php\/wp-json\/wp\/v2\/media?parent=45800"}],"wp:term":[{"taxonomy":"product_brand","embeddable":true,"href":"https:\/\/singuli.wpress.me\/index.php\/wp-json\/wp\/v2\/product_brand?post=45800"},{"taxonomy":"product_cat","embeddable":true,"href":"https:\/\/singuli.wpress.me\/index.php\/wp-json\/wp\/v2\/product_cat?post=45800"},{"taxonomy":"product_tag","embeddable":true,"href":"https:\/\/singuli.wpress.me\/index.php\/wp-json\/wp\/v2\/product_tag?post=45800"}],"curies":[{"name":"wp","href":"https:\/\/api.w.org\/{rel}","templated":true}]}}