{"id":45807,"date":"2026-04-21T00:28:10","date_gmt":"2026-04-21T00:28:10","guid":{"rendered":"https:\/\/singuli.wpress.me\/index.php\/proizvod\/domo-do9136c-visenamjenski-pekac-3u1\/"},"modified":"2026-04-21T00:28:10","modified_gmt":"2026-04-21T00:28:10","slug":"domo-do9136c-visenamjenski-pekac-3u1","status":"publish","type":"product","link":"https:\/\/singuli.wpress.me\/index.php\/proizvod\/domo-do9136c-visenamjenski-pekac-3u1\/","title":{"rendered":"DOMO DO9136C, vi\u0161enamjenski peka\u010d, 3u1"},"content":{"rendered":"<p> \u0160to \u017eelite: ispe\u0107i vafle, pripremiti croque ili topli sendvi\u010d? Ovaj 3-u-1 peka\u010d radi sve! Njegova tri seta uklonjivih plo\u010da za pe\u010denje \u010dine peka\u010d vi\u0161enamjenskim. Temperatura se mo\u017ee regulirati, a plo\u010de za pe\u010denje imaju kvalitetan neprijanjaju\u0107i premaz, \u0161to olak\u0161ava kori\u0161tenje i \u010di\u0161\u0107enje. Dvije indikatorske lampice pokazuju kada je ure\u0111aj uklju\u010den\/isklju\u010den i kada je spreman za upotrebu. Napravite svoje omiljene vafle ili omiljeni croque. Ali na peka\u010du tako\u0111er mo\u017eete pe\u0107i meso ili ribu, ili ga mo\u017eete koristiti za ukusne tople sendvi\u010de. Ukratko, mogu\u0107nosti su beskrajne!<\/p>\n<p>\u2022 3 kompleta uklonjivih plo\u010da za pe\u010denje za vi\u0161enamjensku upotrebu:<br \/>\n1. Sendvi\u010d plo\u010de za 2 sendvi\u010da<br \/>\n2. Plo\u010dice za vafle za 2 vafla<br \/>\n3. Ro\u0161tilj plo\u010de za pe\u010denje mesa, ribe, panina, sendvi\u010da<\/p>\n","protected":false},"excerpt":{"rendered":"<p>Neljepljivi premaz visoke u\u010dinkovitosti za jednostavno \u010di\u0161\u0107enje<br \/>\nKontrola temperature od svijetle preko srednje do tamne<br \/>\nIndikatorska svjetla napajanja i spremnosti<\/p>\n","protected":false},"featured_media":45808,"template":"","meta":{"_seopress_robots_primary_cat":"","_seopress_titles_title":"","_seopress_titles_desc":"","_seopress_robots_index":"","iawp_total_views":0},"product_brand":[255],"product_cat":[266,265,160],"product_tag":[],"class_list":{"0":"post-45807","1":"product","2":"type-product","3":"status-publish","4":"has-post-thumbnail","6":"product_brand-domo","7":"product_cat-aparati-za-kuhanje-265","8":"product_cat-kuhinjski-aparati-160","9":"product_cat-mali-kucanski-aparati","11":"first","12":"instock","13":"shipping-taxable","14":"purchasable","15":"product-type-simple"},"_links":{"self":[{"href":"https:\/\/singuli.wpress.me\/index.php\/wp-json\/wp\/v2\/product\/45807","targetHints":{"allow":["GET"]}}],"collection":[{"href":"https:\/\/singuli.wpress.me\/index.php\/wp-json\/wp\/v2\/product"}],"about":[{"href":"https:\/\/singuli.wpress.me\/index.php\/wp-json\/wp\/v2\/types\/product"}],"version-history":[{"count":0,"href":"https:\/\/singuli.wpress.me\/index.php\/wp-json\/wp\/v2\/product\/45807\/revisions"}],"wp:featuredmedia":[{"embeddable":true,"href":"https:\/\/singuli.wpress.me\/index.php\/wp-json\/wp\/v2\/media\/45808"}],"wp:attachment":[{"href":"https:\/\/singuli.wpress.me\/index.php\/wp-json\/wp\/v2\/media?parent=45807"}],"wp:term":[{"taxonomy":"product_brand","embeddable":true,"href":"https:\/\/singuli.wpress.me\/index.php\/wp-json\/wp\/v2\/product_brand?post=45807"},{"taxonomy":"product_cat","embeddable":true,"href":"https:\/\/singuli.wpress.me\/index.php\/wp-json\/wp\/v2\/product_cat?post=45807"},{"taxonomy":"product_tag","embeddable":true,"href":"https:\/\/singuli.wpress.me\/index.php\/wp-json\/wp\/v2\/product_tag?post=45807"}],"curies":[{"name":"wp","href":"https:\/\/api.w.org\/{rel}","templated":true}]}}