{"id":45821,"date":"2026-04-21T00:28:15","date_gmt":"2026-04-21T00:28:15","guid":{"rendered":"https:\/\/singuli.wpress.me\/index.php\/proizvod\/domo-do9149w-aparat-za-vafle\/"},"modified":"2026-04-21T00:28:15","modified_gmt":"2026-04-21T00:28:15","slug":"domo-do9149w-aparat-za-vafle","status":"publish","type":"product","link":"https:\/\/singuli.wpress.me\/index.php\/proizvod\/domo-do9149w-aparat-za-vafle\/","title":{"rendered":"DOMO DO9149W, aparat za vafle"},"content":{"rendered":"<p>Domo aparat za vafle DO9149W olak\u0161ava izradu vafla. Opremljen je timerom i tri postavke temperature. Svjetlo pokazuje kada su tanjuri dovoljno vru\u0107i da se na njih izlije smjesa za vafle. Plo\u010de imaju neprianjaju\u0107i premaz i mogu se ukloniti radi lak\u0161eg \u010di\u0161\u0107enja.<\/p>\n","protected":false},"excerpt":{"rendered":"<p>Kvalitetan premaz protiv lijepljenja<br \/>\nJednostavno \u010di\u0161\u0107enje<br \/>\nIzuzetno brzo zagrijavanje<\/p>\n","protected":false},"featured_media":45822,"template":"","meta":{"_seopress_robots_primary_cat":"","_seopress_titles_title":"","_seopress_titles_desc":"","_seopress_robots_index":"","iawp_total_views":0},"product_brand":[255],"product_cat":[266,265,160],"product_tag":[],"class_list":{"0":"post-45821","1":"product","2":"type-product","3":"status-publish","4":"has-post-thumbnail","6":"product_brand-domo","7":"product_cat-aparati-za-kuhanje-265","8":"product_cat-kuhinjski-aparati-160","9":"product_cat-mali-kucanski-aparati","11":"first","12":"instock","13":"shipping-taxable","14":"purchasable","15":"product-type-simple"},"_links":{"self":[{"href":"https:\/\/singuli.wpress.me\/index.php\/wp-json\/wp\/v2\/product\/45821","targetHints":{"allow":["GET"]}}],"collection":[{"href":"https:\/\/singuli.wpress.me\/index.php\/wp-json\/wp\/v2\/product"}],"about":[{"href":"https:\/\/singuli.wpress.me\/index.php\/wp-json\/wp\/v2\/types\/product"}],"version-history":[{"count":0,"href":"https:\/\/singuli.wpress.me\/index.php\/wp-json\/wp\/v2\/product\/45821\/revisions"}],"wp:featuredmedia":[{"embeddable":true,"href":"https:\/\/singuli.wpress.me\/index.php\/wp-json\/wp\/v2\/media\/45822"}],"wp:attachment":[{"href":"https:\/\/singuli.wpress.me\/index.php\/wp-json\/wp\/v2\/media?parent=45821"}],"wp:term":[{"taxonomy":"product_brand","embeddable":true,"href":"https:\/\/singuli.wpress.me\/index.php\/wp-json\/wp\/v2\/product_brand?post=45821"},{"taxonomy":"product_cat","embeddable":true,"href":"https:\/\/singuli.wpress.me\/index.php\/wp-json\/wp\/v2\/product_cat?post=45821"},{"taxonomy":"product_tag","embeddable":true,"href":"https:\/\/singuli.wpress.me\/index.php\/wp-json\/wp\/v2\/product_tag?post=45821"}],"curies":[{"name":"wp","href":"https:\/\/api.w.org\/{rel}","templated":true}]}}