{"id":45844,"date":"2026-04-21T00:28:21","date_gmt":"2026-04-21T00:28:21","guid":{"rendered":"https:\/\/singuli.wpress.me\/index.php\/proizvod\/tampax-compak-pearl-regular-tamponi-16-kom\/"},"modified":"2026-04-21T00:28:21","modified_gmt":"2026-04-21T00:28:21","slug":"tampax-compak-pearl-regular-tamponi-16-kom","status":"publish","type":"product","link":"https:\/\/singuli.wpress.me\/index.php\/proizvod\/tampax-compak-pearl-regular-tamponi-16-kom\/","title":{"rendered":"TAMPAX Compak Pearl Regular, tamponi, 16\u00a0kom"},"content":{"rendered":"<p>Tamponi Tampax Pearl Compak na\u0161i su najbolji tamponi za udobnu i diskretnu za\u0161titu. Ne sadr\u017ee dodane mirise. Imaju kompaktan i diskretan glatki plasti\u010dni aplikator sa zaobljenim vrhom za ugodno umetanje. Aplikator se jednostavno dr\u017ei i namje\u0161ta zahvaljuju\u0107i posebno oblikovanom protukliznom hvati\u0161tu. Tehnologija MotionFit omogu\u0107uje tamponima Tampax Pearl Compak da se nje\u017eno \u0161ire kako bi se prilagodili jedinstvenim zna\u010dajkama va\u0161eg tijela. Uz to, tu je i LeakGuard, pleteni konop\u010di\u0107 koji poma\u017ee sprije\u010diti curenje prije nego \u0161to se ono dogodi. Tamponi Tampax Pearl Compak imaju \u0161arene i \u010dvrste omote koji se ne\u0107e o\u0161tetiti u torbici te se jednostavno i tiho otvaraju, za potpunu diskreciju. Tamponi Tampax Pearl Compak Regular Tampaxovi su najbolji tamponi za dane kada je mjese\u010dnica slaba do srednje obilna. Tamponi Tampax Pearl Compak ginekolo\u0161ki su testirani. Tako\u0111er su nezavisno testirani na prisutnost \u0161tetnih tvari, prema sustavu Oeko-Tex. Za vi\u0161e informacija o na\u0161im proizvodima posjetite na\u0161u internetsku stranicu.<\/p>\n","protected":false},"excerpt":{"rendered":"<p>Tampaxova kombinacija br. 1 za udobnu i diskretnu za\u0161titu<br \/>\n3-u-1: za\u0161tita od propu\u0161tanja, udobnost, lako umetanje<br \/>\nTampaxov tampon s tehnologijom MotionFit nje\u017eno se prilago\u0111ava va\u0161em tijelu, za pouzdanu za\u0161titu i kad ste u pokretu<\/p>\n","protected":false},"featured_media":45845,"template":"","meta":{"_seopress_robots_primary_cat":"","_seopress_titles_title":"","_seopress_titles_desc":"","_seopress_robots_index":"","iawp_total_views":0},"product_brand":[767],"product_cat":[211,288],"product_tag":[],"class_list":{"0":"post-45844","1":"product","2":"type-product","3":"status-publish","4":"has-post-thumbnail","6":"product_brand-tampax","7":"product_cat-njega-majke-i-djeteta","8":"product_cat-zenska-higijena-211","10":"first","11":"instock","12":"shipping-taxable","13":"purchasable","14":"product-type-simple"},"_links":{"self":[{"href":"https:\/\/singuli.wpress.me\/index.php\/wp-json\/wp\/v2\/product\/45844","targetHints":{"allow":["GET"]}}],"collection":[{"href":"https:\/\/singuli.wpress.me\/index.php\/wp-json\/wp\/v2\/product"}],"about":[{"href":"https:\/\/singuli.wpress.me\/index.php\/wp-json\/wp\/v2\/types\/product"}],"version-history":[{"count":0,"href":"https:\/\/singuli.wpress.me\/index.php\/wp-json\/wp\/v2\/product\/45844\/revisions"}],"wp:featuredmedia":[{"embeddable":true,"href":"https:\/\/singuli.wpress.me\/index.php\/wp-json\/wp\/v2\/media\/45845"}],"wp:attachment":[{"href":"https:\/\/singuli.wpress.me\/index.php\/wp-json\/wp\/v2\/media?parent=45844"}],"wp:term":[{"taxonomy":"product_brand","embeddable":true,"href":"https:\/\/singuli.wpress.me\/index.php\/wp-json\/wp\/v2\/product_brand?post=45844"},{"taxonomy":"product_cat","embeddable":true,"href":"https:\/\/singuli.wpress.me\/index.php\/wp-json\/wp\/v2\/product_cat?post=45844"},{"taxonomy":"product_tag","embeddable":true,"href":"https:\/\/singuli.wpress.me\/index.php\/wp-json\/wp\/v2\/product_tag?post=45844"}],"curies":[{"name":"wp","href":"https:\/\/api.w.org\/{rel}","templated":true}]}}